{"id":163,"date":"2024-03-15T08:21:00","date_gmt":"2024-03-15T08:21:00","guid":{"rendered":"http:\/\/momi-tours-hurghada.de\/?page_id=163"},"modified":"2026-04-03T11:25:08","modified_gmt":"2026-04-03T11:25:08","slug":"kairo-flugzeug","status":"publish","type":"page","link":"https:\/\/momi-tours-hurghada.de\/en\/kairo-flugzeug\/","title":{"rendered":"Kairo &#8211; Flugzeug"},"content":{"rendered":"<p>[et_pb_section fb_built=&#8220;1&#8243; custom_padding_last_edited=&#8220;on|tablet&#8220; admin_label=&#8220;Packages&#8220; _builder_version=&#8220;4.16&#8243; custom_padding=&#8220;110px||110px|&#8220; custom_padding_tablet=&#8220;0px||0px|&#8220; custom_padding_phone=&#8220;&#8220; global_colors_info=&#8220;{}&#8220;][et_pb_row custom_padding_last_edited=&#8220;on|phone&#8220; admin_label=&#8220;Packages Title&#8220; _builder_version=&#8220;4.16&#8243; custom_padding=&#8220;30px|0px|120px|0px&#8220; custom_padding_tablet=&#8220;60px||0px|&#8220; custom_padding_phone=&#8220;&#8220; locked=&#8220;off&#8220; global_colors_info=&#8220;{}&#8220;][et_pb_column type=&#8220;4_4&#8243; _builder_version=&#8220;4.16&#8243; custom_padding=&#8220;|||&#8220; global_colors_info=&#8220;{}&#8220; custom_padding__hover=&#8220;|||&#8220;][et_pb_text _builder_version=&#8220;4.24.2&#8243; text_font=&#8220;||||&#8220; text_text_color=&#8220;#1a1a1a&#8220; header_font=&#8220;Verdana|700||on|||||&#8220; header_text_align=&#8220;center&#8220; header_font_size=&#8220;60px&#8220; header_line_height=&#8220;1.3em&#8220; module_alignment=&#8220;center&#8220; custom_margin=&#8220;|||&#8220; custom_padding=&#8220;|||&#8220; animation_style=&#8220;slide&#8220; animation_direction=&#8220;top&#8220; animation_intensity_slide=&#8220;10%&#8220; locked=&#8220;off&#8220; global_colors_info=&#8220;{}&#8220;]<\/p>\n<h1>Kairo mit dem Flugeug<\/h1>\n<p>[\/et_pb_text][et_pb_divider color=&#8220;#ed4441&#8243; divider_position=&#8220;center&#8220; divider_weight=&#8220;3px&#8220; disabled_on=&#8220;off|off|off&#8220; _builder_version=&#8220;4.16&#8243; max_width=&#8220;150px&#8220; module_alignment=&#8220;center&#8220; height=&#8220;false&#8220; custom_margin=&#8220;30px|||&#8220; animation_style=&#8220;slide&#8220; animation_direction=&#8220;top&#8220; animation_delay=&#8220;100ms&#8220; animation_intensity_slide=&#8220;10%&#8220; locked=&#8220;off&#8220; global_colors_info=&#8220;{}&#8220;][\/et_pb_divider][\/et_pb_column][\/et_pb_row][et_pb_row column_structure=&#8220;1_2,1_2&#8243; admin_label=&#8220;Package&#8220; _builder_version=&#8220;4.16&#8243; background_size=&#8220;initial&#8220; background_position=&#8220;top_left&#8220; background_repeat=&#8220;repeat&#8220; global_colors_info=&#8220;{}&#8220;][et_pb_column type=&#8220;1_2&#8243; _builder_version=&#8220;4.16&#8243; custom_padding=&#8220;|||&#8220; global_colors_info=&#8220;{}&#8220; custom_padding__hover=&#8220;|||&#8220;][et_pb_image src=&#8220;http:\/\/momi-tours-hurghada.de\/wp-content\/uploads\/2024\/03\/kairo-plane1.jpg&#8220; title_text=&#8220;kairo-plane1&#8243; align_tablet=&#8220;center&#8220; align_phone=&#8220;center&#8220; align_last_edited=&#8220;on|desktop&#8220; admin_label=&#8220;Package Image&#8220; _builder_version=&#8220;4.24.2&#8243; animation_style=&#8220;fold&#8220; animation_direction=&#8220;right&#8220; animation_intensity_fold=&#8220;20%&#8220; global_colors_info=&#8220;{}&#8220;][\/et_pb_image][\/et_pb_column][et_pb_column type=&#8220;1_2&#8243; _builder_version=&#8220;4.16&#8243; custom_padding=&#8220;|||&#8220; global_colors_info=&#8220;{}&#8220; custom_padding__hover=&#8220;|||&#8220;][et_pb_text admin_label=&#8220;Package Title&#8220; _builder_version=&#8220;4.27.6&#8243; text_font=&#8220;Georgia|600|||||||&#8220; text_text_color=&#8220;#000000&#8243; text_font_size=&#8220;24px&#8220; background_size=&#8220;initial&#8220; background_position=&#8220;top_left&#8220; background_repeat=&#8220;repeat&#8220; animation_style=&#8220;zoom&#8220; animation_direction=&#8220;left&#8220; animation_intensity_zoom=&#8220;10%&#8220; hover_enabled=&#8220;0&#8243; global_colors_info=&#8220;{}&#8220; sticky_enabled=&#8220;0&#8243; inline_fonts=&#8220;Georgia&#8220;]<\/p>\n<p>Kairo von oben &#8211; Die Flug-Tour<\/p>\n<p>&nbsp;<\/p>\n<h4><span style=\"color: #339966; font-family: Georgia; font-weight: normal; font-size: x-large;\"><strong>250 \u20ac<\/strong><\/span><\/h4>\n<div id=\"gtx-trans\" style=\"position: absolute; left: 12px; top: 117.8px;\">\n<div class=\"gtx-trans-icon\"><\/div>\n<\/div>\n<p>[\/et_pb_text][et_pb_text admin_label=&#8220;Description&#8220; _builder_version=&#8220;4.24.2&#8243; text_font=&#8220;Verdana||||||||&#8220; text_font_size=&#8220;16px&#8220; text_line_height=&#8220;1.8em&#8220; background_size=&#8220;initial&#8220; background_position=&#8220;top_left&#8220; background_repeat=&#8220;repeat&#8220; animation_style=&#8220;zoom&#8220; animation_direction=&#8220;left&#8220; animation_delay=&#8220;100ms&#8220; animation_intensity_zoom=&#8220;10%&#8220; global_colors_info=&#8220;{}&#8220;]<\/p>\n<p>Kairo von oben ,Entdecken Sie Kairo aus einer v\u00f6llig neuen Perspektive! Mit unserem Flugzeug bieten wir Ihnen atemberaubende Ausblicke auf die faszinierende Stadt. Die Flug-Tour startet von Hurghada nach Kairo, wo wir nat\u00fcrlich alle bedeutenden Sehensw\u00fcrdigkeiten besichtigen werden. Tauchen Sie ein in die Geschichte und Kultur \u00c4gyptens und erleben Sie unvergessliche Momente in einer der \u00e4ltesten St\u00e4dte der Welt. Buchen Sie noch heute Ihre Flug-Tour und lassen Sie sich von Kairo verzaubern.<\/p>\n<p>[\/et_pb_text][\/et_pb_column][\/et_pb_row][et_pb_row _builder_version=&#8220;4.27.6&#8243; _module_preset=&#8220;default&#8220; hover_enabled=&#8220;0&#8243; global_colors_info=&#8220;{}&#8220; sticky_enabled=&#8220;0&#8243;][et_pb_column type=&#8220;4_4&#8243; _builder_version=&#8220;4.27.6&#8243; _module_preset=&#8220;default&#8220; global_colors_info=&#8220;{}&#8220;][et_pb_text _builder_version=&#8220;4.27.6&#8243; _module_preset=&#8220;default&#8220; text_font=&#8220;Georgia||||||||&#8220; inline_fonts=&#8220;Georgia&#8220; global_colors_info=&#8220;{}&#8220;]<\/p>\n<h4>1 Tag<\/h4>\n<h4><span dir=\"auto\" style=\"vertical-align: inherit;\">Hotels in Hurghada\u00a0<\/span><\/h4>\n<h4>Hurghada \/ Kairo<\/h4>\n<h4><span dir=\"auto\" style=\"vertical-align: inherit;\"><strong>Sprachenfeld :<\/strong> Deutsch \u2013 English \u2013 French \u2013 Russian \u2013 Italien \u2013 Spanish<\/span><\/h4>\n<p><span dir=\"auto\" style=\"vertical-align: inherit;\"><\/span><\/p>\n<h4><strong><span dir=\"auto\" style=\"vertical-align: inherit;\">\u00dcberblick : <\/span><\/strong><span dir=\"auto\" style=\"vertical-align: inherit;\">Inlandsflug Hurghada \u2013 Kairo \u2013 Hurghada<\/span><span dir=\"auto\" style=\"vertical-align: inherit;\"><br \/>Pyramiden von Gizeh und Sphinx<br \/>Grand Egyptian Museum<\/span><\/h4>\n<h4><\/h4>\n<p><span style=\"font-family: Georgia; font-size: large; color: #000000;\">Deutschsprachiger Reisef\u00fchrer <\/span><br \/><span style=\"font-family: Georgia; font-size: large; color: #000000;\">Mittagessen in lokalem Restaurant<\/span><br \/><span style=\"font-family: Georgia; font-size: large; color: #000000;\">Diese Kairo-Tour per Flugzeug ist die komfortable Wahl f\u00fcr alle, die die Highlights der Hauptstadt an einem Tag erleben m\u00f6chten. Nach der Abholung von Ihrem Hotel in Hurghada fahren Sie zum Flughafen und fliegen bequem nach Kairo. Dort erwartet Sie ein professioneller deutschsprachiger Reisef\u00fchrer.<\/span><br \/><span style=\"font-family: Georgia; font-size: large; color: #000000;\">Nach der Ankunft besuchen Sie die weltber\u00fchmten Pyramiden von Gizeh mit der Cheops-, Chephren- und Mykerinos-Pyramide sowie der Sphinx. Danach erfolgt der Transfer zur\u00fcck zum Flughafen, der R\u00fcckflug nach Hurghada und der Transfer zu Ihrem Hotel.<\/span><\/p>\n<p><span style=\"font-family: Georgia; font-size: large; color: #000000;\"><\/span><\/p>\n<h4><span dir=\"auto\" style=\"vertical-align: inherit;\"><strong>Enthalten :<\/strong> Alle Transfers in einem klimatisierten private transfer <br \/>Professioneller deutschsprachiger Reisef\u00fchrer<br \/>Eintritt zu den Pyramiden von Gizeh und dem Grand Egyptian Museum<\/span><\/h4>\n<p><span dir=\"auto\" style=\"vertical-align: inherit;\"><\/span><\/p>\n<p><span dir=\"auto\" style=\"vertical-align: inherit;\"><\/span><\/p>\n<p><span dir=\"auto\" style=\"vertical-align: inherit;\"><span style=\"font-family: Georgia; font-weight: normal; font-size: large; color: #000000;\">Mittagessen in einem lokalen Restaurant<\/span><br \/><span style=\"font-family: Georgia; font-weight: normal; font-size: large; color: #000000;\">Alle Eintrittsgeb\u00fchren<\/span><br \/><\/span><\/p>\n<p><span dir=\"auto\" style=\"vertical-align: inherit;\"><\/span><\/p>\n<p>&nbsp;<\/p>\n<p><span dir=\"auto\" style=\"vertical-align: inherit;\"><\/span><\/p>\n<h4><\/h4>\n<h4><strong><span dir=\"auto\" style=\"vertical-align: inherit;\">Nicht enthalten : <\/span><\/strong><span dir=\"auto\" style=\"vertical-align: inherit;\">Alle zus\u00e4tzlichen Leistungen, die nicht im Programm erw\u00e4hnt sind<\/span><span dir=\"auto\" style=\"vertical-align: inherit;\"><br \/>Getr\u00e4nke im Restaurant<br \/>Optionale 20-min\u00fctige Kreuzfahrt<\/span><\/h4>\n<p><strong><span dir=\"auto\" style=\"vertical-align: inherit;\"><\/span><\/strong><\/p>\n<p><span style=\"color: #000000;\"><strong><span style=\"font-family: Georgia; font-size: large;\"><span dir=\"auto\" style=\"vertical-align: inherit;\">Wichtige Hinweise :<\/span><\/span><\/strong><span style=\"font-family: Georgia; font-size: large;\"><span dir=\"auto\" style=\"vertical-align: inherit;\">Bitte Fotoapparat, Reisepass ,leichte Kleidung im Sommer, warme Kleidung im Winter und Sonnenbrille mitnehmen<\/span><\/span><\/span><\/p>\n<h4><span dir=\"auto\" style=\"vertical-align: inherit;\"><\/span><\/h4>\n<h4><span dir=\"auto\" style=\"vertical-align: inherit;\"><strong>Kontakttext : Kairo per Flugzeug jetzt anfragen und schnell nach Kairo reisen \u2013 WhatsApp: +20 12 79753800<\/strong><\/span><\/h4>\n<p><span dir=\"auto\" style=\"vertical-align: inherit;\"><\/span><\/p>\n<p><span dir=\"auto\" style=\"vertical-align: inherit;\"><\/span><\/p>\n<h4><strong><span dir=\"auto\" style=\"vertical-align: inherit;\">WhatsApp \/ Telefonnummer : +20 12 79753800<\/span><\/strong><\/h4>\n<h4><span dir=\"auto\" style=\"vertical-align: inherit;\"><\/span><\/h4>\n<h4><span dir=\"auto\" style=\"vertical-align: inherit;\"><\/span><\/h4>\n<h4><span dir=\"auto\" style=\"vertical-align: inherit;\"><\/span><\/h4>\n<h4><\/h4>\n<p>[\/et_pb_text][\/et_pb_column][\/et_pb_row][et_pb_row column_structure=&#8220;1_2,1_2&#8243; admin_label=&#8220;Package&#8220; _builder_version=&#8220;4.16&#8243; background_size=&#8220;initial&#8220; background_position=&#8220;top_left&#8220; background_repeat=&#8220;repeat&#8220; global_colors_info=&#8220;{}&#8220;][et_pb_column type=&#8220;1_2&#8243; _builder_version=&#8220;4.16&#8243; custom_padding=&#8220;|||&#8220; global_colors_info=&#8220;{}&#8220; custom_padding__hover=&#8220;|||&#8220;][et_pb_image src=&#8220;http:\/\/momi-tours-hurghada.de\/wp-content\/uploads\/2024\/03\/kairo-plane2.jpg&#8220; title_text=&#8220;kairo-plane2&#8243; align_tablet=&#8220;center&#8220; align_phone=&#8220;center&#8220; align_last_edited=&#8220;on|desktop&#8220; admin_label=&#8220;Package Image&#8220; _builder_version=&#8220;4.24.2&#8243; animation_style=&#8220;fold&#8220; animation_direction=&#8220;right&#8220; animation_intensity_fold=&#8220;20%&#8220; global_colors_info=&#8220;{}&#8220;][\/et_pb_image][\/et_pb_column][et_pb_column type=&#8220;1_2&#8243; _builder_version=&#8220;4.16&#8243; custom_padding=&#8220;|||&#8220; global_colors_info=&#8220;{}&#8220; custom_padding__hover=&#8220;|||&#8220;][et_pb_contact_form email=&#8220;info@momi-tours-hurghada.de&#8220; title=&#8220;Anfrage zur Kairo Tour mit dem Flugzeug&#8220; custom_message=&#8220;Kairo Flugtour&#8220; _builder_version=&#8220;4.24.2&#8243; _module_preset=&#8220;default&#8220; _unique_id=&#8220;ba556c14-7499-4914-9ed9-641796f11096&#8243; global_colors_info=&#8220;{}&#8220;][et_pb_contact_field field_id=&#8220;Name&#8220; field_title=&#8220;Name&#8220; _builder_version=&#8220;4.16&#8243; global_colors_info=&#8220;{}&#8220; button_text_size__hover_enabled=&#8220;off&#8220; button_one_text_size__hover_enabled=&#8220;off&#8220; button_two_text_size__hover_enabled=&#8220;off&#8220; button_text_color__hover_enabled=&#8220;off&#8220; button_one_text_color__hover_enabled=&#8220;off&#8220; button_two_text_color__hover_enabled=&#8220;off&#8220; button_border_width__hover_enabled=&#8220;off&#8220; button_one_border_width__hover_enabled=&#8220;off&#8220; button_two_border_width__hover_enabled=&#8220;off&#8220; button_border_color__hover_enabled=&#8220;off&#8220; button_one_border_color__hover_enabled=&#8220;off&#8220; button_two_border_color__hover_enabled=&#8220;off&#8220; button_border_radius__hover_enabled=&#8220;off&#8220; button_one_border_radius__hover_enabled=&#8220;off&#8220; button_two_border_radius__hover_enabled=&#8220;off&#8220; button_letter_spacing__hover_enabled=&#8220;off&#8220; button_one_letter_spacing__hover_enabled=&#8220;off&#8220; button_two_letter_spacing__hover_enabled=&#8220;off&#8220; button_bg_color__hover_enabled=&#8220;off&#8220; button_one_bg_color__hover_enabled=&#8220;off&#8220; button_two_bg_color__hover_enabled=&#8220;off&#8220;][\/et_pb_contact_field][et_pb_contact_field field_id=&#8220;Email&#8220; field_title=&#8220;E-Mail-Adresse&#8220; field_type=&#8220;email&#8220; _builder_version=&#8220;4.16&#8243; global_colors_info=&#8220;{}&#8220; button_text_size__hover_enabled=&#8220;off&#8220; button_one_text_size__hover_enabled=&#8220;off&#8220; button_two_text_size__hover_enabled=&#8220;off&#8220; button_text_color__hover_enabled=&#8220;off&#8220; button_one_text_color__hover_enabled=&#8220;off&#8220; button_two_text_color__hover_enabled=&#8220;off&#8220; button_border_width__hover_enabled=&#8220;off&#8220; button_one_border_width__hover_enabled=&#8220;off&#8220; button_two_border_width__hover_enabled=&#8220;off&#8220; button_border_color__hover_enabled=&#8220;off&#8220; button_one_border_color__hover_enabled=&#8220;off&#8220; button_two_border_color__hover_enabled=&#8220;off&#8220; button_border_radius__hover_enabled=&#8220;off&#8220; button_one_border_radius__hover_enabled=&#8220;off&#8220; button_two_border_radius__hover_enabled=&#8220;off&#8220; button_letter_spacing__hover_enabled=&#8220;off&#8220; button_one_letter_spacing__hover_enabled=&#8220;off&#8220; button_two_letter_spacing__hover_enabled=&#8220;off&#8220; button_bg_color__hover_enabled=&#8220;off&#8220; button_one_bg_color__hover_enabled=&#8220;off&#8220; button_two_bg_color__hover_enabled=&#8220;off&#8220;][\/et_pb_contact_field][et_pb_contact_field field_id=&#8220;Message&#8220; field_title=&#8220;Nachricht&#8220; field_type=&#8220;text&#8220; fullwidth_field=&#8220;on&#8220; _builder_version=&#8220;4.16&#8243; global_colors_info=&#8220;{}&#8220; button_text_size__hover_enabled=&#8220;off&#8220; button_one_text_size__hover_enabled=&#8220;off&#8220; button_two_text_size__hover_enabled=&#8220;off&#8220; button_text_color__hover_enabled=&#8220;off&#8220; button_one_text_color__hover_enabled=&#8220;off&#8220; button_two_text_color__hover_enabled=&#8220;off&#8220; button_border_width__hover_enabled=&#8220;off&#8220; button_one_border_width__hover_enabled=&#8220;off&#8220; button_two_border_width__hover_enabled=&#8220;off&#8220; button_border_color__hover_enabled=&#8220;off&#8220; button_one_border_color__hover_enabled=&#8220;off&#8220; button_two_border_color__hover_enabled=&#8220;off&#8220; button_border_radius__hover_enabled=&#8220;off&#8220; button_one_border_radius__hover_enabled=&#8220;off&#8220; button_two_border_radius__hover_enabled=&#8220;off&#8220; button_letter_spacing__hover_enabled=&#8220;off&#8220; button_one_letter_spacing__hover_enabled=&#8220;off&#8220; button_two_letter_spacing__hover_enabled=&#8220;off&#8220; button_bg_color__hover_enabled=&#8220;off&#8220; button_one_bg_color__hover_enabled=&#8220;off&#8220; button_two_bg_color__hover_enabled=&#8220;off&#8220;][\/et_pb_contact_field][et_pb_contact_field field_id=&#8220;Telefon&#8220; field_title=&#8220;Telefon&#8220; fullwidth_field=&#8220;on&#8220; _builder_version=&#8220;4.24.2&#8243; _module_preset=&#8220;default&#8220; global_colors_info=&#8220;{}&#8220;][\/et_pb_contact_field][\/et_pb_contact_form][\/et_pb_column][\/et_pb_row][\/et_pb_section]<\/p>\n","protected":false},"excerpt":{"rendered":"<p>Kairo mit dem FlugeugKairo von oben &#8211; Die Flug-Tour &nbsp; 250 \u20ac Kairo von oben ,Entdecken Sie Kairo aus einer v\u00f6llig neuen Perspektive! Mit unserem Flugzeug bieten wir Ihnen atemberaubende Ausblicke auf die faszinierende Stadt. Die Flug-Tour startet von Hurghada nach Kairo, wo wir nat\u00fcrlich alle bedeutenden Sehensw\u00fcrdigkeiten besichtigen werden. Tauchen Sie ein in die [&hellip;]<\/p>\n","protected":false},"author":1,"featured_media":0,"parent":0,"menu_order":0,"comment_status":"closed","ping_status":"closed","template":"","meta":{"_et_pb_use_builder":"on","_et_pb_old_content":"","_et_gb_content_width":"","footnotes":""},"_links":{"self":[{"href":"https:\/\/momi-tours-hurghada.de\/en\/wp-json\/wp\/v2\/pages\/163"}],"collection":[{"href":"https:\/\/momi-tours-hurghada.de\/en\/wp-json\/wp\/v2\/pages"}],"about":[{"href":"https:\/\/momi-tours-hurghada.de\/en\/wp-json\/wp\/v2\/types\/page"}],"author":[{"embeddable":true,"href":"https:\/\/momi-tours-hurghada.de\/en\/wp-json\/wp\/v2\/users\/1"}],"replies":[{"embeddable":true,"href":"https:\/\/momi-tours-hurghada.de\/en\/wp-json\/wp\/v2\/comments?post=163"}],"version-history":[{"count":8,"href":"https:\/\/momi-tours-hurghada.de\/en\/wp-json\/wp\/v2\/pages\/163\/revisions"}],"predecessor-version":[{"id":557,"href":"https:\/\/momi-tours-hurghada.de\/en\/wp-json\/wp\/v2\/pages\/163\/revisions\/557"}],"wp:attachment":[{"href":"https:\/\/momi-tours-hurghada.de\/en\/wp-json\/wp\/v2\/media?parent=163"}],"curies":[{"name":"wp","href":"https:\/\/api.w.org\/{rel}","templated":true}]}}