{"id":170,"date":"2024-03-15T08:27:55","date_gmt":"2024-03-15T08:27:55","guid":{"rendered":"http:\/\/momi-tours-hurghada.de\/?page_id=170"},"modified":"2026-04-04T11:49:01","modified_gmt":"2026-04-04T11:49:01","slug":"kairo-intensiv","status":"publish","type":"page","link":"https:\/\/momi-tours-hurghada.de\/en\/kairo-intensiv\/","title":{"rendered":"Kairo intensiv"},"content":{"rendered":"<p>[et_pb_section fb_built=&#8220;1&#8243; custom_padding_last_edited=&#8220;on|tablet&#8220; admin_label=&#8220;Packages&#8220; _builder_version=&#8220;4.16&#8243; custom_padding=&#8220;110px||110px|&#8220; custom_padding_tablet=&#8220;0px||0px|&#8220; custom_padding_phone=&#8220;&#8220; global_colors_info=&#8220;{}&#8220;][et_pb_row custom_padding_last_edited=&#8220;on|phone&#8220; admin_label=&#8220;Packages Title&#8220; _builder_version=&#8220;4.16&#8243; custom_padding=&#8220;30px|0px|120px|0px&#8220; custom_padding_tablet=&#8220;60px||0px|&#8220; custom_padding_phone=&#8220;&#8220; locked=&#8220;off&#8220; global_colors_info=&#8220;{}&#8220;][et_pb_column type=&#8220;4_4&#8243; _builder_version=&#8220;4.16&#8243; custom_padding=&#8220;|||&#8220; global_colors_info=&#8220;{}&#8220; custom_padding__hover=&#8220;|||&#8220;][et_pb_text _builder_version=&#8220;4.24.2&#8243; text_font=&#8220;||||&#8220; text_text_color=&#8220;#1a1a1a&#8220; header_font=&#8220;Verdana|700||on|||||&#8220; header_text_align=&#8220;center&#8220; header_font_size=&#8220;60px&#8220; header_line_height=&#8220;1.3em&#8220; module_alignment=&#8220;center&#8220; custom_margin=&#8220;|||&#8220; custom_padding=&#8220;|||&#8220; animation_style=&#8220;slide&#8220; animation_direction=&#8220;top&#8220; animation_intensity_slide=&#8220;10%&#8220; locked=&#8220;off&#8220; global_colors_info=&#8220;{}&#8220;]<\/p>\n<h1>Kairo intensiv<\/h1>\n<p>[\/et_pb_text][et_pb_divider color=&#8220;#ed4441&#8243; divider_position=&#8220;center&#8220; divider_weight=&#8220;3px&#8220; disabled_on=&#8220;off|off|off&#8220; _builder_version=&#8220;4.16&#8243; max_width=&#8220;150px&#8220; module_alignment=&#8220;center&#8220; height=&#8220;false&#8220; custom_margin=&#8220;30px|||&#8220; animation_style=&#8220;slide&#8220; animation_direction=&#8220;top&#8220; animation_delay=&#8220;100ms&#8220; animation_intensity_slide=&#8220;10%&#8220; locked=&#8220;off&#8220; global_colors_info=&#8220;{}&#8220;][\/et_pb_divider][\/et_pb_column][\/et_pb_row][et_pb_row column_structure=&#8220;1_2,1_2&#8243; admin_label=&#8220;Package&#8220; _builder_version=&#8220;4.16&#8243; background_size=&#8220;initial&#8220; background_position=&#8220;top_left&#8220; background_repeat=&#8220;repeat&#8220; global_colors_info=&#8220;{}&#8220;][et_pb_column type=&#8220;1_2&#8243; _builder_version=&#8220;4.16&#8243; custom_padding=&#8220;|||&#8220; global_colors_info=&#8220;{}&#8220; custom_padding__hover=&#8220;|||&#8220;][et_pb_image src=&#8220;https:\/\/momi-tours-hurghada.de\/wp-content\/uploads\/2024\/03\/kairo-plane2.jpg&#8220; title_text=&#8220;kairo-plane2&#8243; align_tablet=&#8220;center&#8220; align_phone=&#8220;center&#8220; align_last_edited=&#8220;on|desktop&#8220; admin_label=&#8220;Package Image&#8220; _builder_version=&#8220;4.24.2&#8243; animation_style=&#8220;fold&#8220; animation_direction=&#8220;right&#8220; animation_intensity_fold=&#8220;20%&#8220; global_colors_info=&#8220;{}&#8220;][\/et_pb_image][\/et_pb_column][et_pb_column type=&#8220;1_2&#8243; _builder_version=&#8220;4.16&#8243; custom_padding=&#8220;|||&#8220; global_colors_info=&#8220;{}&#8220; custom_padding__hover=&#8220;|||&#8220;][et_pb_text admin_label=&#8220;Package Title&#8220; _builder_version=&#8220;4.27.6&#8243; text_font=&#8220;Verdana||||||||&#8220; text_text_color=&#8220;#1a1a1a&#8220; text_font_size=&#8220;24px&#8220; background_size=&#8220;initial&#8220; background_position=&#8220;top_left&#8220; background_repeat=&#8220;repeat&#8220; animation_style=&#8220;zoom&#8220; animation_direction=&#8220;left&#8220; animation_intensity_zoom=&#8220;10%&#8220; hover_enabled=&#8220;0&#8243; global_colors_info=&#8220;{}&#8220; sticky_enabled=&#8220;0&#8243;]<\/p>\n<p>Kairo intensiv \u2013 Mehr Kultur an einem Tag<\/p>\n<p>&nbsp;<\/p>\n<h4><span style=\"color: #339966; font-family: Georgia; font-weight: normal; font-size: x-large;\"><strong><span dir=\"auto\" style=\"vertical-align: inherit;\">207.83 <strong class=\"Yjhzub\" jsaction=\"\" jscontroller=\"zYmgkd\" data-sfc-root=\"c\" jsuid=\"bwlggb_c\" data-sfc-cb=\"\">\u20ac<\/strong><\/span><\/strong><\/span><\/h4>\n<p>[\/et_pb_text][et_pb_text admin_label=&#8220;Description&#8220; _builder_version=&#8220;4.24.2&#8243; text_font=&#8220;Verdana||||||||&#8220; text_font_size=&#8220;16px&#8220; text_line_height=&#8220;1.8em&#8220; background_size=&#8220;initial&#8220; background_position=&#8220;top_left&#8220; background_repeat=&#8220;repeat&#8220; animation_style=&#8220;zoom&#8220; animation_direction=&#8220;left&#8220; animation_delay=&#8220;100ms&#8220; animation_intensity_zoom=&#8220;10%&#8220; global_colors_info=&#8220;{}&#8220;]<\/p>\n<p>Erleben Sie Kairo besonders intensiv mit einem Flug ab Hurghada. Besuchen Sie die Pyramiden von Gizeh, Sakkara, Memphis und den Khan el-Khalili Basar \u2013 begleitet von einem erfahrenen \u00c4gyptologen und inklusive Mittagessen.<\/p>\n<p>[\/et_pb_text][\/et_pb_column][\/et_pb_row][et_pb_row _builder_version=&#8220;4.27.6&#8243; _module_preset=&#8220;default&#8220;][et_pb_column _builder_version=&#8220;4.27.6&#8243; _module_preset=&#8220;default&#8220; type=&#8220;4_4&#8243;][et_pb_text _builder_version=&#8220;4.27.6&#8243; _module_preset=&#8220;default&#8220; hover_enabled=&#8220;0&#8243; sticky_enabled=&#8220;0&#8243; inline_fonts=&#8220;Georgia&#8220;]<\/p>\n<h4><span style=\"font-family: Georgia; font-weight: normal;\">16 Stunden<\/span><\/h4>\n<h4><span style=\"font-family: Georgia; font-weight: normal;\">Hotels in Hurghada und Safaga<\/span><\/h4>\n<h4><span style=\"font-family: Georgia; font-weight: normal;\">Hurghada \/ Kairo<\/span><\/h4>\n<h4><span dir=\"auto\" style=\"vertical-align: inherit; font-family: Georgia; font-weight: normal;\"><strong>Sprachenfeld :<\/strong> Deutsch &#8211; English &#8211; French &#8211; Russian &#8211; Italien &#8211; Spanish<\/span><\/h4>\n<p><span dir=\"auto\" style=\"vertical-align: inherit; font-family: Georgia; font-weight: normal;\"><\/span><\/p>\n<h4><span style=\"font-family: Georgia; font-weight: normal;\"><strong><span dir=\"auto\" style=\"vertical-align: inherit;\">\u00dcberblick :<\/span><\/strong><span dir=\"auto\" style=\"vertical-align: inherit;\">Flugtour nach Kairo<\/span><span dir=\"auto\" style=\"vertical-align: inherit;\"><br \/>Pyramiden von Gizeh<br \/>Sakkara mit Stufenpyramide<br \/>Besuch in Memphis<br \/>Khan el-Khalili Basar<br \/>Mittagessen und \u00c4gyptologe<\/span><\/span><\/h4>\n<h4><\/h4>\n<p><span style=\"color: #000000; font-family: Georgia; font-weight: normal; font-size: large;\">Bei dieser intensiven Kairo-Tour per Flugzeug entdecken Sie an einem einzigen Tag mehrere der wichtigsten Sehensw\u00fcrdigkeiten rund um die \u00e4gyptische Hauptstadt. Nach dem Transfer zum Flughafen in Hurghada fliegen Sie nach Kairo, wo Ihr \u00c4gyptologe bereits auf Sie wartet.<\/span><\/p>\n<p><span style=\"color: #000000; font-family: Georgia; font-weight: normal; font-size: large;\">Zun\u00e4chst besuchen Sie Gizeh mit den ber\u00fchmten Pyramiden und der Sphinx. Danach geht es nach Sakkara zur Stufenpyramide von Djoser, einer der fr\u00fchesten monumentalen Steinbauten der Welt. Anschlie\u00dfend folgt Memphis, die alte Hauptstadt \u00c4gyptens, mit ihren Ruinen und der beeindruckenden Statue von Ramses II.<\/span><\/p>\n<p><span style=\"color: #000000; font-family: Georgia; font-weight: normal; font-size: large;\">Am Nachmittag k\u00f6nnen Sie \u00fcber den Khan el-Khalili Basar schlendern und die Atmosph\u00e4re der Altstadt erleben. Nach einem erlebnisreichen Tag fahren Sie zur\u00fcck zum Flughafen, fliegen nach Hurghada und werden bequem zu Ihrem Hotel zur\u00fcckgebracht.<\/span><\/p>\n<h4><span dir=\"auto\" style=\"vertical-align: inherit; font-family: Georgia; font-weight: normal;\"><strong>Enthalten :<\/strong> Alle Transfers in einem klimatisierten Fahrzeug<br \/>Inlandsfl\u00fcge Hurghada \/ Kairo \/ Hurghada<br \/>Privater Reiseleiter<br \/>Softgetr\u00e4nke w\u00e4hrend der Fahrten im Fahrzeug<br \/>Eintritt zu allen im Programm genannten Sehensw\u00fcrdigkeiten<br \/>Mittagessen w\u00e4hrend der Tour in einem ausgezeichneten Restaurant<\/span><\/h4>\n<h4><\/h4>\n<h4><span style=\"font-family: Georgia; font-weight: normal;\"><strong><span dir=\"auto\" style=\"vertical-align: inherit;\">Nicht enthalten : <\/span><\/strong><span dir=\"auto\" style=\"vertical-align: inherit;\">Getr\u00e4nke im Restaurant<\/span><span dir=\"auto\" style=\"vertical-align: inherit;\"><br \/>Jegliche Zus\u00e4tze, die nicht im Programm erw\u00e4hnt werden<br \/>Optionale 20-min\u00fctige Kreuzfahrt<br \/>Kamelritt<\/span><\/span><\/h4>\n<h4><span dir=\"auto\" style=\"vertical-align: inherit; font-family: Georgia; font-weight: normal;\"><\/span><\/h4>\n<p><span dir=\"auto\" style=\"vertical-align: inherit; font-family: Georgia; font-weight: normal;\"><span style=\"color: #000000;\"><strong><span style=\"font-size: large;\">Wichtige Hinweise <\/span><\/strong><\/span>: <span style=\"font-size: large; color: #000000;\">Bitte Reisepass oder Lichtbildausweis, bequeme Schuhe, Sonnenbrille und Sonnenhut mitbringen<\/span>.<\/span><\/p>\n<p><span style=\"font-family: Georgia; font-weight: normal;\">\u00a0<\/span><\/p>\n<h4><span dir=\"auto\" style=\"vertical-align: inherit; font-family: Georgia; font-weight: normal;\"><strong>Kontakttext :<\/strong> Kairo intensiv jetzt anfragen \u2013 mehr Kultur an einem Tag per WhatsApp unter +20 12 79753800.<\/span><\/h4>\n<p><span style=\"font-family: Georgia; font-weight: normal;\">\u00a0<\/span><\/p>\n<h4><span style=\"font-family: Georgia; font-weight: normal;\"><strong><span dir=\"auto\" style=\"vertical-align: inherit;\">WhatsApp \/ Telefonnummer : +20 12 79753800<\/span><\/strong><\/span><\/h4>\n<h4><\/h4>\n<p>[\/et_pb_text][\/et_pb_column][\/et_pb_row][et_pb_row column_structure=&#8220;1_2,1_2&#8243; admin_label=&#8220;Package&#8220; _builder_version=&#8220;4.16&#8243; background_size=&#8220;initial&#8220; background_position=&#8220;top_left&#8220; background_repeat=&#8220;repeat&#8220; global_colors_info=&#8220;{}&#8220;][et_pb_column type=&#8220;1_2&#8243; _builder_version=&#8220;4.16&#8243; custom_padding=&#8220;|||&#8220; global_colors_info=&#8220;{}&#8220; custom_padding__hover=&#8220;|||&#8220;][et_pb_image src=&#8220;https:\/\/momi-tours-hurghada.de\/wp-content\/uploads\/2024\/03\/kairo-bustour2.jpg&#8220; title_text=&#8220;kairo-bustour2&#8243; align_tablet=&#8220;center&#8220; align_phone=&#8220;center&#8220; align_last_edited=&#8220;on|desktop&#8220; admin_label=&#8220;Package Image&#8220; _builder_version=&#8220;4.24.2&#8243; animation_style=&#8220;fold&#8220; animation_direction=&#8220;right&#8220; animation_intensity_fold=&#8220;20%&#8220; global_colors_info=&#8220;{}&#8220;][\/et_pb_image][\/et_pb_column][et_pb_column type=&#8220;1_2&#8243; _builder_version=&#8220;4.16&#8243; custom_padding=&#8220;|||&#8220; global_colors_info=&#8220;{}&#8220; custom_padding__hover=&#8220;|||&#8220;][et_pb_contact_form email=&#8220;info@momi-tours-hurghada.de&#8220; title=&#8220;Anfrage zu Kairo intensiv&#8220; custom_message=&#8220;Kairo Intensivtour&#8220; _builder_version=&#8220;4.24.2&#8243; _module_preset=&#8220;default&#8220; _unique_id=&#8220;ba556c14-7499-4914-9ed9-641796f11096&#8243; global_colors_info=&#8220;{}&#8220;][et_pb_contact_field field_id=&#8220;Name&#8220; field_title=&#8220;Name&#8220; _builder_version=&#8220;4.16&#8243; global_colors_info=&#8220;{}&#8220; button_text_size__hover_enabled=&#8220;off&#8220; button_one_text_size__hover_enabled=&#8220;off&#8220; button_two_text_size__hover_enabled=&#8220;off&#8220; button_text_color__hover_enabled=&#8220;off&#8220; button_one_text_color__hover_enabled=&#8220;off&#8220; button_two_text_color__hover_enabled=&#8220;off&#8220; button_border_width__hover_enabled=&#8220;off&#8220; button_one_border_width__hover_enabled=&#8220;off&#8220; button_two_border_width__hover_enabled=&#8220;off&#8220; button_border_color__hover_enabled=&#8220;off&#8220; button_one_border_color__hover_enabled=&#8220;off&#8220; button_two_border_color__hover_enabled=&#8220;off&#8220; button_border_radius__hover_enabled=&#8220;off&#8220; button_one_border_radius__hover_enabled=&#8220;off&#8220; button_two_border_radius__hover_enabled=&#8220;off&#8220; button_letter_spacing__hover_enabled=&#8220;off&#8220; button_one_letter_spacing__hover_enabled=&#8220;off&#8220; button_two_letter_spacing__hover_enabled=&#8220;off&#8220; button_bg_color__hover_enabled=&#8220;off&#8220; button_one_bg_color__hover_enabled=&#8220;off&#8220; button_two_bg_color__hover_enabled=&#8220;off&#8220;][\/et_pb_contact_field][et_pb_contact_field field_id=&#8220;Email&#8220; field_title=&#8220;E-Mail-Adresse&#8220; field_type=&#8220;email&#8220; _builder_version=&#8220;4.16&#8243; global_colors_info=&#8220;{}&#8220; button_text_size__hover_enabled=&#8220;off&#8220; button_one_text_size__hover_enabled=&#8220;off&#8220; button_two_text_size__hover_enabled=&#8220;off&#8220; button_text_color__hover_enabled=&#8220;off&#8220; button_one_text_color__hover_enabled=&#8220;off&#8220; button_two_text_color__hover_enabled=&#8220;off&#8220; button_border_width__hover_enabled=&#8220;off&#8220; button_one_border_width__hover_enabled=&#8220;off&#8220; button_two_border_width__hover_enabled=&#8220;off&#8220; button_border_color__hover_enabled=&#8220;off&#8220; button_one_border_color__hover_enabled=&#8220;off&#8220; button_two_border_color__hover_enabled=&#8220;off&#8220; button_border_radius__hover_enabled=&#8220;off&#8220; button_one_border_radius__hover_enabled=&#8220;off&#8220; button_two_border_radius__hover_enabled=&#8220;off&#8220; button_letter_spacing__hover_enabled=&#8220;off&#8220; button_one_letter_spacing__hover_enabled=&#8220;off&#8220; button_two_letter_spacing__hover_enabled=&#8220;off&#8220; button_bg_color__hover_enabled=&#8220;off&#8220; button_one_bg_color__hover_enabled=&#8220;off&#8220; button_two_bg_color__hover_enabled=&#8220;off&#8220;][\/et_pb_contact_field][et_pb_contact_field field_id=&#8220;Message&#8220; field_title=&#8220;Nachricht&#8220; field_type=&#8220;text&#8220; fullwidth_field=&#8220;on&#8220; _builder_version=&#8220;4.16&#8243; global_colors_info=&#8220;{}&#8220; button_text_size__hover_enabled=&#8220;off&#8220; button_one_text_size__hover_enabled=&#8220;off&#8220; button_two_text_size__hover_enabled=&#8220;off&#8220; button_text_color__hover_enabled=&#8220;off&#8220; button_one_text_color__hover_enabled=&#8220;off&#8220; button_two_text_color__hover_enabled=&#8220;off&#8220; button_border_width__hover_enabled=&#8220;off&#8220; button_one_border_width__hover_enabled=&#8220;off&#8220; button_two_border_width__hover_enabled=&#8220;off&#8220; button_border_color__hover_enabled=&#8220;off&#8220; button_one_border_color__hover_enabled=&#8220;off&#8220; button_two_border_color__hover_enabled=&#8220;off&#8220; button_border_radius__hover_enabled=&#8220;off&#8220; button_one_border_radius__hover_enabled=&#8220;off&#8220; button_two_border_radius__hover_enabled=&#8220;off&#8220; button_letter_spacing__hover_enabled=&#8220;off&#8220; button_one_letter_spacing__hover_enabled=&#8220;off&#8220; button_two_letter_spacing__hover_enabled=&#8220;off&#8220; button_bg_color__hover_enabled=&#8220;off&#8220; button_one_bg_color__hover_enabled=&#8220;off&#8220; button_two_bg_color__hover_enabled=&#8220;off&#8220;][\/et_pb_contact_field][et_pb_contact_field field_id=&#8220;Telefon&#8220; field_title=&#8220;Telefon&#8220; fullwidth_field=&#8220;on&#8220; _builder_version=&#8220;4.24.2&#8243; _module_preset=&#8220;default&#8220; global_colors_info=&#8220;{}&#8220;][\/et_pb_contact_field][\/et_pb_contact_form][\/et_pb_column][\/et_pb_row][\/et_pb_section]<\/p>\n","protected":false},"excerpt":{"rendered":"<p>Kairo intensivKairo intensiv \u2013 Mehr Kultur an einem Tag &nbsp; 207.83 \u20acErleben Sie Kairo besonders intensiv mit einem Flug ab Hurghada. Besuchen Sie die Pyramiden von Gizeh, Sakkara, Memphis und den Khan el-Khalili Basar \u2013 begleitet von einem erfahrenen \u00c4gyptologen und inklusive Mittagessen.16 Stunden Hotels in Hurghada und Safaga Hurghada \/ Kairo Sprachenfeld : Deutsch [&hellip;]<\/p>\n","protected":false},"author":1,"featured_media":0,"parent":0,"menu_order":0,"comment_status":"closed","ping_status":"closed","template":"","meta":{"_et_pb_use_builder":"on","_et_pb_old_content":"","_et_gb_content_width":"","footnotes":""},"_links":{"self":[{"href":"https:\/\/momi-tours-hurghada.de\/en\/wp-json\/wp\/v2\/pages\/170"}],"collection":[{"href":"https:\/\/momi-tours-hurghada.de\/en\/wp-json\/wp\/v2\/pages"}],"about":[{"href":"https:\/\/momi-tours-hurghada.de\/en\/wp-json\/wp\/v2\/types\/page"}],"author":[{"embeddable":true,"href":"https:\/\/momi-tours-hurghada.de\/en\/wp-json\/wp\/v2\/users\/1"}],"replies":[{"embeddable":true,"href":"https:\/\/momi-tours-hurghada.de\/en\/wp-json\/wp\/v2\/comments?post=170"}],"version-history":[{"count":6,"href":"https:\/\/momi-tours-hurghada.de\/en\/wp-json\/wp\/v2\/pages\/170\/revisions"}],"predecessor-version":[{"id":561,"href":"https:\/\/momi-tours-hurghada.de\/en\/wp-json\/wp\/v2\/pages\/170\/revisions\/561"}],"wp:attachment":[{"href":"https:\/\/momi-tours-hurghada.de\/en\/wp-json\/wp\/v2\/media?parent=170"}],"curies":[{"name":"wp","href":"https:\/\/api.w.org\/{rel}","templated":true}]}}