{"id":211,"date":"2024-03-15T14:07:18","date_gmt":"2024-03-15T14:07:18","guid":{"rendered":"http:\/\/momi-tours-hurghada.de\/?page_id=211"},"modified":"2026-04-04T12:30:07","modified_gmt":"2026-04-04T12:30:07","slug":"luxor-flugzeug","status":"publish","type":"page","link":"https:\/\/momi-tours-hurghada.de\/en\/luxor-flugzeug\/","title":{"rendered":"Luxor Flugzeug"},"content":{"rendered":"<p>[et_pb_section fb_built=&#8220;1&#8243; custom_padding_last_edited=&#8220;on|tablet&#8220; admin_label=&#8220;Packages&#8220; _builder_version=&#8220;4.16&#8243; custom_padding=&#8220;110px||110px|&#8220; custom_padding_tablet=&#8220;0px||0px|&#8220; custom_padding_phone=&#8220;&#8220; global_colors_info=&#8220;{}&#8220;][et_pb_row custom_padding_last_edited=&#8220;on|phone&#8220; admin_label=&#8220;Packages Title&#8220; _builder_version=&#8220;4.16&#8243; custom_padding=&#8220;30px|0px|120px|0px&#8220; custom_padding_tablet=&#8220;60px||0px|&#8220; custom_padding_phone=&#8220;&#8220; locked=&#8220;off&#8220; global_colors_info=&#8220;{}&#8220;][et_pb_column type=&#8220;4_4&#8243; _builder_version=&#8220;4.16&#8243; custom_padding=&#8220;|||&#8220; global_colors_info=&#8220;{}&#8220; custom_padding__hover=&#8220;|||&#8220;][et_pb_text _builder_version=&#8220;4.24.2&#8243; text_font=&#8220;||||&#8220; text_text_color=&#8220;#1a1a1a&#8220; header_font=&#8220;Verdana|700||on|||||&#8220; header_text_align=&#8220;center&#8220; header_font_size=&#8220;60px&#8220; header_line_height=&#8220;1.3em&#8220; module_alignment=&#8220;center&#8220; custom_margin=&#8220;|||&#8220; custom_padding=&#8220;|||&#8220; animation_style=&#8220;slide&#8220; animation_direction=&#8220;top&#8220; animation_intensity_slide=&#8220;10%&#8220; locked=&#8220;off&#8220; global_colors_info=&#8220;{}&#8220;]<\/p>\n<h1>Luxor Flugzeug<\/h1>\n<p>[\/et_pb_text][et_pb_divider color=&#8220;#ed4441&#8243; divider_position=&#8220;center&#8220; divider_weight=&#8220;3px&#8220; disabled_on=&#8220;off|off|off&#8220; _builder_version=&#8220;4.16&#8243; max_width=&#8220;150px&#8220; module_alignment=&#8220;center&#8220; height=&#8220;false&#8220; custom_margin=&#8220;30px|||&#8220; animation_style=&#8220;slide&#8220; animation_direction=&#8220;top&#8220; animation_delay=&#8220;100ms&#8220; animation_intensity_slide=&#8220;10%&#8220; locked=&#8220;off&#8220; global_colors_info=&#8220;{}&#8220;][\/et_pb_divider][\/et_pb_column][\/et_pb_row][et_pb_row column_structure=&#8220;1_2,1_2&#8243; admin_label=&#8220;Package&#8220; _builder_version=&#8220;4.16&#8243; background_size=&#8220;initial&#8220; background_position=&#8220;top_left&#8220; background_repeat=&#8220;repeat&#8220; global_colors_info=&#8220;{}&#8220;][et_pb_column type=&#8220;1_2&#8243; _builder_version=&#8220;4.16&#8243; custom_padding=&#8220;|||&#8220; global_colors_info=&#8220;{}&#8220; custom_padding__hover=&#8220;|||&#8220;][et_pb_image src=&#8220;http:\/\/momi-tours-hurghada.de\/wp-content\/uploads\/2024\/03\/luxor-plane1.jpg&#8220; title_text=&#8220;luxor-plane1&#8243; align_tablet=&#8220;center&#8220; align_phone=&#8220;center&#8220; align_last_edited=&#8220;on|desktop&#8220; admin_label=&#8220;Package Image&#8220; _builder_version=&#8220;4.24.2&#8243; animation_style=&#8220;fold&#8220; animation_direction=&#8220;right&#8220; animation_intensity_fold=&#8220;20%&#8220; global_colors_info=&#8220;{}&#8220;][\/et_pb_image][\/et_pb_column][et_pb_column type=&#8220;1_2&#8243; _builder_version=&#8220;4.16&#8243; custom_padding=&#8220;|||&#8220; global_colors_info=&#8220;{}&#8220; custom_padding__hover=&#8220;|||&#8220;][et_pb_text admin_label=&#8220;Package Title&#8220; _builder_version=&#8220;4.27.6&#8243; text_font=&#8220;Verdana||||||||&#8220; text_text_color=&#8220;#1a1a1a&#8220; text_font_size=&#8220;24px&#8220; background_size=&#8220;initial&#8220; background_position=&#8220;top_left&#8220; background_repeat=&#8220;repeat&#8220; animation_style=&#8220;zoom&#8220; animation_direction=&#8220;left&#8220; animation_intensity_zoom=&#8220;10%&#8220; hover_enabled=&#8220;0&#8243; global_colors_info=&#8220;{}&#8220; sticky_enabled=&#8220;0&#8243; inline_fonts=&#8220;Georgia&#8220;]<\/p>\n<p><span style=\"font-family: Georgia; font-weight: normal; font-size: x-large;\">Luxor bequem und schnell \u2013 per Flugzeug<\/span><\/p>\n<p>&nbsp;<\/p>\n<h4><span style=\"color: #339966; font-family: Georgia; font-weight: normal; font-size: x-large;\"><strong><span dir=\"auto\" style=\"vertical-align: inherit;\">\u00a0<strong class=\"Yjhzub\" jsaction=\"\" jscontroller=\"zYmgkd\" data-sfc-root=\"c\" jsuid=\"bwlggb_c\" data-sfc-cb=\"\">\u20ac 58.23<\/strong><\/span><\/strong><\/span><\/h4>\n<div id=\"gtx-trans\" style=\"position: absolute; left: 142px; top: -9.33333px;\">\n<div class=\"gtx-trans-icon\"><\/div>\n<\/div>\n<p>[\/et_pb_text][et_pb_text admin_label=&#8220;Description&#8220; _builder_version=&#8220;4.24.2&#8243; text_font=&#8220;Verdana||||||||&#8220; text_font_size=&#8220;16px&#8220; text_line_height=&#8220;1.8em&#8220; background_size=&#8220;initial&#8220; background_position=&#8220;top_left&#8220; background_repeat=&#8220;repeat&#8220; animation_style=&#8220;zoom&#8220; animation_direction=&#8220;left&#8220; animation_delay=&#8220;100ms&#8220; animation_intensity_zoom=&#8220;10%&#8220; global_colors_info=&#8220;{}&#8220; inline_fonts=&#8220;Georgia&#8220;]<\/p>\n<p><span style=\"font-family: Georgia; font-weight: normal; font-size: large;\">Fliegen Sie f\u00fcr einen Tag von Hurghada nach Luxor und entdecken Sie die wichtigsten H\u00f6hepunkte der antiken Stadt: Karnak, Tal der K\u00f6nige, Hatschepsut-Tempel und Memnonkolosse. Ideal f\u00fcr G\u00e4ste, die Zeit sparen und Luxor komfortabel erleben m\u00f6chten<\/span><\/p>\n<p>[\/et_pb_text][\/et_pb_column][\/et_pb_row][et_pb_row _builder_version=&#8220;4.27.6&#8243; _module_preset=&#8220;default&#8220;][et_pb_column _builder_version=&#8220;4.27.6&#8243; _module_preset=&#8220;default&#8220; type=&#8220;4_4&#8243;][et_pb_text _builder_version=&#8220;4.27.6&#8243; _module_preset=&#8220;default&#8220; hover_enabled=&#8220;0&#8243; sticky_enabled=&#8220;0&#8243; inline_fonts=&#8220;Georgia&#8220;]<\/p>\n<h4><span style=\"font-family: Georgia; font-weight: normal; font-size: large;\">1 Tag<\/span><\/h4>\n<h4><span style=\"font-family: Georgia; font-weight: normal; font-size: large; color: #000000;\">Hotels in Hurghada<\/span><\/h4>\n<h4><span style=\"font-family: Georgia; font-weight: normal; font-size: large;\">Hurghada \/ Luxor<\/span><\/h4>\n<h4><span dir=\"auto\" style=\"vertical-align: inherit; font-family: Georgia; font-weight: normal; font-size: large; color: #000000;\"><strong>Sprachenfeld :<\/strong> Deutsch &#8211; English &#8211; French &#8211; Russian &#8211; Italien &#8211; Spanish<\/span><\/h4>\n<p><span dir=\"auto\" style=\"vertical-align: inherit; font-family: Georgia; font-weight: normal; font-size: large; color: #000000;\"><\/span><\/p>\n<h4><span style=\"font-family: Georgia; font-weight: normal; font-size: large; color: #000000;\"><strong><span dir=\"auto\" style=\"vertical-align: inherit;\">\u00dcberblick : <\/span><\/strong><span dir=\"auto\" style=\"vertical-align: inherit;\">Luxor-Tagesausflug per Flugzeug<\/span><span dir=\"auto\" style=\"vertical-align: inherit;\"><br \/>Karnak-Tempel und Sphingenallee<br \/>Tal der K\u00f6nige<br \/>Tempel der Hatschepsut<br \/>Memnonkolosse<br \/>Zeitersparnis durch Flug<\/span><\/span><\/h4>\n<p><span style=\"font-family: Georgia; font-weight: normal; font-size: large; color: #000000;\"><span dir=\"auto\" style=\"vertical-align: inherit;\"><\/span><\/span><\/p>\n<p><span style=\"font-family: Georgia; font-weight: normal; font-size: large; color: #000000;\">Luxor per Flugzeug ist die ideale Wahl f\u00fcr G\u00e4ste, die die wichtigsten Monumente der alten Pharaonenstadt an nur einem Tag entdecken m\u00f6chten und gleichzeitig m\u00f6glichst bequem reisen wollen. Nach der Abholung vom Hotel erfolgt der Transfer zum Flughafen, von wo aus Sie nach Luxor fliegen.<\/span><\/p>\n<p><span style=\"font-family: Georgia; font-weight: normal; font-size: large; color: #000000;\">In Luxor besuchen Sie mit Ihrem Reiseleiter den Karnak-Tempel und die Sphingenallee. Danach geht es weiter zum Tal der K\u00f6nige, dem ber\u00fchmten Gr\u00e4berfeld der Pharaonen. Im Anschluss folgt der Besuch des Tempels der K\u00f6nigin Hatschepsut sowie ein Fotostopp bei den Memnonkolossen.<\/span><\/p>\n<p><span style=\"font-family: Georgia; font-weight: normal; font-size: large; color: #000000;\">Ein lokales Mittagessen ist Teil des Programms. Nach der Besichtigung werden Sie zur\u00fcck zum Flughafen gebracht und fliegen nach Hurghada zur\u00fcck. Da im gelieferten Rohtext keine separate Flugversion f\u00fcr Luxor enthalten war, basiert diese Datenerfassung inhaltlich auf der gelieferten Luxor-Basisroute.<\/span><\/p>\n<p><span style=\"font-family: Georgia; font-weight: normal; font-size: large;\">\u00a0<\/span><\/p>\n<p><span style=\"font-family: Georgia; font-weight: normal; font-size: large; color: #000000;\"><strong>Enthalten :<\/strong> Hoteltransfer ab\/bis Hurghada<br \/>Transfers im klimatisierten Fahrzeug<br \/>Reiseleitung<br \/>Besuch des Karnak-Tempels<br \/>Besuch des Tals der K\u00f6nige<br \/>Besuch des Hatschepsut-Tempels<br \/>Fotostopp bei den Memnonkolossen<br \/>Mittagessen in Luxor<\/span><\/p>\n<h4><\/h4>\n<h4><span style=\"font-family: Georgia; font-weight: normal; font-size: large; color: #000000;\"><strong><span dir=\"auto\" style=\"vertical-align: inherit;\">Nicht enthalten : <\/span><\/strong><span dir=\"auto\" style=\"vertical-align: inherit;\">Getr\u00e4nke im Restaurant<\/span><span dir=\"auto\" style=\"vertical-align: inherit;\"><br \/>Pers\u00f6nliche Ausgaben<br \/>Optionale Nilfahrt<br \/>Eintritt in Sondergr\u00e4ber<br \/>Flugdaten und eventuelle Zusatzleistungen, falls nicht separat gebucht<\/span><\/span><\/h4>\n<h4><span dir=\"auto\" style=\"vertical-align: inherit; font-family: Georgia; font-weight: normal; font-size: large; color: #000000;\"><\/span><\/h4>\n<p><span dir=\"auto\" style=\"vertical-align: inherit; font-family: Georgia; font-weight: normal; font-size: large; color: #000000;\"><strong>Wichtige Hinweise <\/strong>: Diese Flug-Variante war im gelieferten Rohtext nicht als eigenst\u00e4ndige Quelle enthalten. Inhalt und Preis sind daher provisorisch angelegt und m\u00fcssen vor Live-Schaltung gepr\u00fcft werden.<\/span><\/p>\n<p><span style=\"font-family: Georgia; font-weight: normal; font-size: large; color: #000000;\">\u00a0<\/span><\/p>\n<h4><span dir=\"auto\" style=\"vertical-align: inherit; font-family: Georgia; font-weight: normal; font-size: large; color: #000000;\"><strong>Kontakttext :<\/strong> Luxor Flugzeug jetzt anfragen \u2013 WhatsApp: +20 12 79753800<\/span><\/h4>\n<p><span dir=\"auto\" style=\"vertical-align: inherit; font-family: Georgia; font-weight: normal; font-size: large; color: #000000;\"><\/span><\/p>\n<h4><span style=\"font-family: Georgia; font-weight: normal; font-size: large; color: #000000;\"><strong><span dir=\"auto\" style=\"vertical-align: inherit;\">WhatsApp \/ Telefonnummer : +20 12 79753800<\/span><\/strong><\/span><\/h4>\n<h4><\/h4>\n<p>[\/et_pb_text][\/et_pb_column][\/et_pb_row][et_pb_row column_structure=&#8220;1_2,1_2&#8243; admin_label=&#8220;Package&#8220; _builder_version=&#8220;4.16&#8243; background_size=&#8220;initial&#8220; background_position=&#8220;top_left&#8220; background_repeat=&#8220;repeat&#8220; global_colors_info=&#8220;{}&#8220;][et_pb_column type=&#8220;1_2&#8243; _builder_version=&#8220;4.16&#8243; custom_padding=&#8220;|||&#8220; global_colors_info=&#8220;{}&#8220; custom_padding__hover=&#8220;|||&#8220;][et_pb_image src=&#8220;http:\/\/momi-tours-hurghada.de\/wp-content\/uploads\/2024\/03\/luxor-plane2.jpg&#8220; title_text=&#8220;luxor-plane2&#8243; align_tablet=&#8220;center&#8220; align_phone=&#8220;center&#8220; align_last_edited=&#8220;on|desktop&#8220; admin_label=&#8220;Package Image&#8220; _builder_version=&#8220;4.24.2&#8243; animation_style=&#8220;fold&#8220; animation_direction=&#8220;right&#8220; animation_intensity_fold=&#8220;20%&#8220; global_colors_info=&#8220;{}&#8220;][\/et_pb_image][\/et_pb_column][et_pb_column type=&#8220;1_2&#8243; _builder_version=&#8220;4.16&#8243; custom_padding=&#8220;|||&#8220; global_colors_info=&#8220;{}&#8220; custom_padding__hover=&#8220;|||&#8220;][et_pb_contact_form email=&#8220;info@momi-tours-hurghada.de&#8220; title=&#8220;Anfrage zu Luxor Flugzeug&#8220; custom_message=&#8220;Luxor Flugtour&#8220; _builder_version=&#8220;4.24.2&#8243; _module_preset=&#8220;default&#8220; _unique_id=&#8220;ba556c14-7499-4914-9ed9-641796f11096&#8243; global_colors_info=&#8220;{}&#8220;][et_pb_contact_field field_id=&#8220;Name&#8220; field_title=&#8220;Name&#8220; _builder_version=&#8220;4.16&#8243; global_colors_info=&#8220;{}&#8220; button_text_size__hover_enabled=&#8220;off&#8220; button_one_text_size__hover_enabled=&#8220;off&#8220; button_two_text_size__hover_enabled=&#8220;off&#8220; button_text_color__hover_enabled=&#8220;off&#8220; button_one_text_color__hover_enabled=&#8220;off&#8220; button_two_text_color__hover_enabled=&#8220;off&#8220; button_border_width__hover_enabled=&#8220;off&#8220; button_one_border_width__hover_enabled=&#8220;off&#8220; button_two_border_width__hover_enabled=&#8220;off&#8220; button_border_color__hover_enabled=&#8220;off&#8220; button_one_border_color__hover_enabled=&#8220;off&#8220; button_two_border_color__hover_enabled=&#8220;off&#8220; button_border_radius__hover_enabled=&#8220;off&#8220; button_one_border_radius__hover_enabled=&#8220;off&#8220; button_two_border_radius__hover_enabled=&#8220;off&#8220; button_letter_spacing__hover_enabled=&#8220;off&#8220; button_one_letter_spacing__hover_enabled=&#8220;off&#8220; button_two_letter_spacing__hover_enabled=&#8220;off&#8220; button_bg_color__hover_enabled=&#8220;off&#8220; button_one_bg_color__hover_enabled=&#8220;off&#8220; button_two_bg_color__hover_enabled=&#8220;off&#8220;][\/et_pb_contact_field][et_pb_contact_field field_id=&#8220;Email&#8220; field_title=&#8220;E-Mail-Adresse&#8220; field_type=&#8220;email&#8220; _builder_version=&#8220;4.16&#8243; global_colors_info=&#8220;{}&#8220; button_text_size__hover_enabled=&#8220;off&#8220; button_one_text_size__hover_enabled=&#8220;off&#8220; button_two_text_size__hover_enabled=&#8220;off&#8220; button_text_color__hover_enabled=&#8220;off&#8220; button_one_text_color__hover_enabled=&#8220;off&#8220; button_two_text_color__hover_enabled=&#8220;off&#8220; button_border_width__hover_enabled=&#8220;off&#8220; button_one_border_width__hover_enabled=&#8220;off&#8220; button_two_border_width__hover_enabled=&#8220;off&#8220; button_border_color__hover_enabled=&#8220;off&#8220; button_one_border_color__hover_enabled=&#8220;off&#8220; button_two_border_color__hover_enabled=&#8220;off&#8220; button_border_radius__hover_enabled=&#8220;off&#8220; button_one_border_radius__hover_enabled=&#8220;off&#8220; button_two_border_radius__hover_enabled=&#8220;off&#8220; button_letter_spacing__hover_enabled=&#8220;off&#8220; button_one_letter_spacing__hover_enabled=&#8220;off&#8220; button_two_letter_spacing__hover_enabled=&#8220;off&#8220; button_bg_color__hover_enabled=&#8220;off&#8220; button_one_bg_color__hover_enabled=&#8220;off&#8220; button_two_bg_color__hover_enabled=&#8220;off&#8220;][\/et_pb_contact_field][et_pb_contact_field field_id=&#8220;Message&#8220; field_title=&#8220;Nachricht&#8220; field_type=&#8220;text&#8220; fullwidth_field=&#8220;on&#8220; _builder_version=&#8220;4.16&#8243; global_colors_info=&#8220;{}&#8220; button_text_size__hover_enabled=&#8220;off&#8220; button_one_text_size__hover_enabled=&#8220;off&#8220; button_two_text_size__hover_enabled=&#8220;off&#8220; button_text_color__hover_enabled=&#8220;off&#8220; button_one_text_color__hover_enabled=&#8220;off&#8220; button_two_text_color__hover_enabled=&#8220;off&#8220; button_border_width__hover_enabled=&#8220;off&#8220; button_one_border_width__hover_enabled=&#8220;off&#8220; button_two_border_width__hover_enabled=&#8220;off&#8220; button_border_color__hover_enabled=&#8220;off&#8220; button_one_border_color__hover_enabled=&#8220;off&#8220; button_two_border_color__hover_enabled=&#8220;off&#8220; button_border_radius__hover_enabled=&#8220;off&#8220; button_one_border_radius__hover_enabled=&#8220;off&#8220; button_two_border_radius__hover_enabled=&#8220;off&#8220; button_letter_spacing__hover_enabled=&#8220;off&#8220; button_one_letter_spacing__hover_enabled=&#8220;off&#8220; button_two_letter_spacing__hover_enabled=&#8220;off&#8220; button_bg_color__hover_enabled=&#8220;off&#8220; button_one_bg_color__hover_enabled=&#8220;off&#8220; button_two_bg_color__hover_enabled=&#8220;off&#8220;][\/et_pb_contact_field][et_pb_contact_field field_id=&#8220;Telefon&#8220; field_title=&#8220;Telefon&#8220; fullwidth_field=&#8220;on&#8220; _builder_version=&#8220;4.24.2&#8243; _module_preset=&#8220;default&#8220; global_colors_info=&#8220;{}&#8220;][\/et_pb_contact_field][\/et_pb_contact_form][\/et_pb_column][\/et_pb_row][\/et_pb_section]<\/p>\n","protected":false},"excerpt":{"rendered":"<p>Luxor FlugzeugLuxor bequem und schnell \u2013 per Flugzeug &nbsp; \u00a0\u20ac 58.23 Fliegen Sie f\u00fcr einen Tag von Hurghada nach Luxor und entdecken Sie die wichtigsten H\u00f6hepunkte der antiken Stadt: Karnak, Tal der K\u00f6nige, Hatschepsut-Tempel und Memnonkolosse. Ideal f\u00fcr G\u00e4ste, die Zeit sparen und Luxor komfortabel erleben m\u00f6chten1 Tag Hotels in Hurghada Hurghada \/ Luxor Sprachenfeld [&hellip;]<\/p>\n","protected":false},"author":1,"featured_media":0,"parent":0,"menu_order":0,"comment_status":"closed","ping_status":"closed","template":"","meta":{"_et_pb_use_builder":"on","_et_pb_old_content":"","_et_gb_content_width":"","footnotes":""},"_links":{"self":[{"href":"https:\/\/momi-tours-hurghada.de\/en\/wp-json\/wp\/v2\/pages\/211"}],"collection":[{"href":"https:\/\/momi-tours-hurghada.de\/en\/wp-json\/wp\/v2\/pages"}],"about":[{"href":"https:\/\/momi-tours-hurghada.de\/en\/wp-json\/wp\/v2\/types\/page"}],"author":[{"embeddable":true,"href":"https:\/\/momi-tours-hurghada.de\/en\/wp-json\/wp\/v2\/users\/1"}],"replies":[{"embeddable":true,"href":"https:\/\/momi-tours-hurghada.de\/en\/wp-json\/wp\/v2\/comments?post=211"}],"version-history":[{"count":5,"href":"https:\/\/momi-tours-hurghada.de\/en\/wp-json\/wp\/v2\/pages\/211\/revisions"}],"predecessor-version":[{"id":578,"href":"https:\/\/momi-tours-hurghada.de\/en\/wp-json\/wp\/v2\/pages\/211\/revisions\/578"}],"wp:attachment":[{"href":"https:\/\/momi-tours-hurghada.de\/en\/wp-json\/wp\/v2\/media?parent=211"}],"curies":[{"name":"wp","href":"https:\/\/api.w.org\/{rel}","templated":true}]}}