{"id":255,"date":"2024-03-15T14:48:28","date_gmt":"2024-03-15T14:48:28","guid":{"rendered":"http:\/\/momi-tours-hurghada.de\/?page_id=255"},"modified":"2026-04-07T11:15:22","modified_gmt":"2026-04-07T11:15:22","slug":"paradise-island","status":"publish","type":"page","link":"https:\/\/momi-tours-hurghada.de\/en\/paradise-island\/","title":{"rendered":"Paradise Island"},"content":{"rendered":"<p>[et_pb_section fb_built=&#8220;1&#8243; custom_padding_last_edited=&#8220;on|tablet&#8220; admin_label=&#8220;Packages&#8220; _builder_version=&#8220;4.16&#8243; custom_padding=&#8220;110px||110px|&#8220; custom_padding_tablet=&#8220;0px||0px|&#8220; custom_padding_phone=&#8220;&#8220; global_colors_info=&#8220;{}&#8220;][et_pb_row custom_padding_last_edited=&#8220;on|phone&#8220; admin_label=&#8220;Packages Title&#8220; _builder_version=&#8220;4.16&#8243; custom_padding=&#8220;30px|0px|120px|0px&#8220; custom_padding_tablet=&#8220;60px||0px|&#8220; custom_padding_phone=&#8220;&#8220; locked=&#8220;off&#8220; global_colors_info=&#8220;{}&#8220;][et_pb_column type=&#8220;4_4&#8243; _builder_version=&#8220;4.16&#8243; custom_padding=&#8220;|||&#8220; global_colors_info=&#8220;{}&#8220; custom_padding__hover=&#8220;|||&#8220;][et_pb_text _builder_version=&#8220;4.24.2&#8243; text_font=&#8220;||||&#8220; text_text_color=&#8220;#1a1a1a&#8220; header_font=&#8220;Verdana|700||on|||||&#8220; header_text_align=&#8220;center&#8220; header_font_size=&#8220;60px&#8220; header_line_height=&#8220;1.3em&#8220; module_alignment=&#8220;center&#8220; custom_margin=&#8220;|||&#8220; custom_padding=&#8220;|||&#8220; animation_style=&#8220;slide&#8220; animation_direction=&#8220;top&#8220; animation_intensity_slide=&#8220;10%&#8220; locked=&#8220;off&#8220; global_colors_info=&#8220;{}&#8220;]<\/p>\n<h1>Paradise Island Tour<\/h1>\n<p>[\/et_pb_text][et_pb_divider color=&#8220;#ed4441&#8243; divider_position=&#8220;center&#8220; divider_weight=&#8220;3px&#8220; disabled_on=&#8220;off|off|off&#8220; _builder_version=&#8220;4.16&#8243; max_width=&#8220;150px&#8220; module_alignment=&#8220;center&#8220; height=&#8220;false&#8220; custom_margin=&#8220;30px|||&#8220; animation_style=&#8220;slide&#8220; animation_direction=&#8220;top&#8220; animation_delay=&#8220;100ms&#8220; animation_intensity_slide=&#8220;10%&#8220; locked=&#8220;off&#8220; global_colors_info=&#8220;{}&#8220;][\/et_pb_divider][\/et_pb_column][\/et_pb_row][et_pb_row column_structure=&#8220;1_2,1_2&#8243; admin_label=&#8220;Package&#8220; _builder_version=&#8220;4.16&#8243; background_size=&#8220;initial&#8220; background_position=&#8220;top_left&#8220; background_repeat=&#8220;repeat&#8220; global_colors_info=&#8220;{}&#8220;][et_pb_column type=&#8220;1_2&#8243; _builder_version=&#8220;4.16&#8243; custom_padding=&#8220;|||&#8220; global_colors_info=&#8220;{}&#8220; custom_padding__hover=&#8220;|||&#8220;][et_pb_image src=&#8220;http:\/\/momi-tours-hurghada.de\/wp-content\/uploads\/2024\/03\/Paradise-Island2.jpg&#8220; title_text=&#8220;Paradise-Island2&#8243; align_tablet=&#8220;center&#8220; align_phone=&#8220;center&#8220; align_last_edited=&#8220;on|desktop&#8220; admin_label=&#8220;Package Image&#8220; _builder_version=&#8220;4.27.6&#8243; animation_style=&#8220;fold&#8220; animation_direction=&#8220;right&#8220; animation_intensity_fold=&#8220;20%&#8220; hover_enabled=&#8220;0&#8243; global_colors_info=&#8220;{}&#8220; sticky_enabled=&#8220;0&#8243;][\/et_pb_image][\/et_pb_column][et_pb_column type=&#8220;1_2&#8243; _builder_version=&#8220;4.16&#8243; custom_padding=&#8220;|||&#8220; global_colors_info=&#8220;{}&#8220; custom_padding__hover=&#8220;|||&#8220;][et_pb_text admin_label=&#8220;Package Title&#8220; _builder_version=&#8220;4.27.6&#8243; text_font=&#8220;Verdana||||||||&#8220; text_text_color=&#8220;#1a1a1a&#8220; text_font_size=&#8220;24px&#8220; background_size=&#8220;initial&#8220; background_position=&#8220;top_left&#8220; background_repeat=&#8220;repeat&#8220; animation_style=&#8220;zoom&#8220; animation_direction=&#8220;left&#8220; animation_intensity_zoom=&#8220;10%&#8220; hover_enabled=&#8220;0&#8243; global_colors_info=&#8220;{}&#8220; sticky_enabled=&#8220;0&#8243; inline_fonts=&#8220;Georgia&#8220;]<\/p>\n<h1>Paradise Island \u2013 Inseltag im Roten Meer<\/h1>\n<p>&nbsp;<\/p>\n<h4><span style=\"color: #339966; font-family: Georgia; font-weight: normal; font-size: x-large;\"><strong><span dir=\"auto\" style=\"vertical-align: inherit;\">\u00a0<strong class=\"Yjhzub\" jsaction=\"\" jscontroller=\"zYmgkd\" data-sfc-root=\"c\" jsuid=\"bwlggb_c\" data-sfc-cb=\"\">\u20ac 20.60<\/strong><\/span><\/strong><\/span><\/h4>\n<p>&nbsp;<\/p>\n<p>[\/et_pb_text][et_pb_text admin_label=&#8220;Description&#8220; _builder_version=&#8220;4.24.2&#8243; text_font=&#8220;Verdana||||||||&#8220; text_font_size=&#8220;16px&#8220; text_line_height=&#8220;1.8em&#8220; background_size=&#8220;initial&#8220; background_position=&#8220;top_left&#8220; background_repeat=&#8220;repeat&#8220; animation_style=&#8220;zoom&#8220; animation_direction=&#8220;left&#8220; animation_delay=&#8220;100ms&#8220; animation_intensity_zoom=&#8220;10%&#8220; global_colors_info=&#8220;{}&#8220; inline_fonts=&#8220;Georgia&#8220;]<\/p>\n<p><span style=\"font-family: Georgia; font-weight: normal; font-size: large;\">Genie\u00dfen Sie einen entspannten Tag auf Paradise Island mit Bootsfahrt ab Hurghada, zwei Schnorchelstopps, wei\u00dfem Sandstrand, Fr\u00fchst\u00fcck, Mittagsbuffet, frischen Fr\u00fcchten, Getr\u00e4nken und Wassersport f\u00fcr die ganze Familie<\/span><\/p>\n<p>[\/et_pb_text][et_pb_text admin_label=&#8220;Description&#8220; _builder_version=&#8220;4.24.2&#8243; text_font=&#8220;Verdana||||||||&#8220; text_font_size=&#8220;16px&#8220; text_line_height=&#8220;1.8em&#8220; background_size=&#8220;initial&#8220; background_position=&#8220;top_left&#8220; background_repeat=&#8220;repeat&#8220; animation_style=&#8220;zoom&#8220; animation_direction=&#8220;left&#8220; animation_delay=&#8220;100ms&#8220; animation_intensity_zoom=&#8220;10%&#8220; global_colors_info=&#8220;{}&#8220;][\/et_pb_text][\/et_pb_column][\/et_pb_row][et_pb_row _builder_version=&#8220;4.27.6&#8243; _module_preset=&#8220;default&#8220;][et_pb_column _builder_version=&#8220;4.27.6&#8243; _module_preset=&#8220;default&#8220; type=&#8220;4_4&#8243;][et_pb_text _builder_version=&#8220;4.27.6&#8243; _module_preset=&#8220;default&#8220; hover_enabled=&#8220;0&#8243; sticky_enabled=&#8220;0&#8243; inline_fonts=&#8220;Georgia&#8220;]<\/p>\n<h4><span style=\"font-family: Georgia; font-weight: normal; font-size: large; color: #000000;\">8 Stunden<\/span><\/h4>\n<h4><span style=\"font-family: Georgia; font-weight: normal; font-size: large; color: #000000;\">Hotels in Hurghada<\/span><\/h4>\n<h4><span style=\"font-family: Georgia; font-weight: normal; font-size: large;\"><strong>Hurghada \/ Rotes Meer<\/strong><\/span><\/h4>\n<h4><span dir=\"auto\" style=\"vertical-align: inherit; font-family: Georgia; font-weight: normal; font-size: large; color: #000000;\"><strong>Sprachenfeld :<\/strong>Deutsch &#8211; English &#8211; French &#8211; Russian &#8211; Italien &#8211; Spanish<\/span><\/h4>\n<p><span dir=\"auto\" style=\"vertical-align: inherit; font-family: Georgia; font-weight: normal; font-size: large; color: #000000;\"><\/span><\/p>\n<h4><span style=\"font-family: Georgia; font-weight: normal; font-size: large; color: #000000;\"><strong><span dir=\"auto\" style=\"vertical-align: inherit;\">\u00dcberblick :<\/span><\/strong><span dir=\"auto\" style=\"vertical-align: inherit;\">Bootsausflug zur Insel Paradise Island ab Hurghada<\/span><span dir=\"auto\" style=\"vertical-align: inherit;\"><br \/>Zwei Schnorchelstopps an farbenpr\u00e4chtigen Korallenriffen<br \/>Wei\u00dfer Sandstrand und t\u00fcrkisfarbenes Wasser<br \/>Fr\u00fchst\u00fcck, Mittagsbuffet, frische Fr\u00fcchte und Getr\u00e4nke<br \/>Banana Boat und Sofa Ride f\u00fcr extra Spa\u00df<br \/>Professionelle Guides und Betreuung f\u00fcr Nichtschwimmer<\/span><\/span><\/h4>\n<p><span style=\"font-family: Georgia; font-weight: normal; font-size: large;\">\u00a0<\/span><\/p>\n<p><span style=\"color: #000000; font-family: Georgia; font-weight: normal; font-size: large;\">Paradise Island ist die perfekte Wahl f\u00fcr alle, die einen entspannten Strandtag mit Schnorcheln und Wasserspa\u00df verbinden m\u00f6chten. Nach der Abholung vom Hotel fahren Sie zum Boot und starten Ihren Tagesausflug auf dem Roten Meer. Unterwegs erwarten Sie zwei Schnorchelstopps, an denen Sie farbenfrohe Korallenriffe und tropische Fische entdecken.<\/span><\/p>\n<p><span style=\"color: #000000; font-family: Georgia; font-weight: normal; font-size: large;\">Auf der Insel angekommen genie\u00dfen Sie feinen wei\u00dfen Sand, klares t\u00fcrkisfarbenes Wasser und viel freie Zeit zum Schwimmen, Sonnenbaden oder Entspannen. F\u00fcr zus\u00e4tzlichen Spa\u00df sorgen Wassersport-Aktivit\u00e4ten wie Banana Boat und Sofa Ride. Erfahrene Guides begleiten die Tour und unterst\u00fctzen auch G\u00e4ste, die nicht sicher schwimmen k\u00f6nnen.<\/span><\/p>\n<p><span style=\"color: #000000; font-family: Georgia; font-weight: normal; font-size: large;\">An Bord werden ein leichtes Fr\u00fchst\u00fcck, ein reichhaltiges Mittagsbuffet, saisonale Fr\u00fcchte und verschiedene Getr\u00e4nke serviert. Da keine separate Paradise-Island-Quelle im gelieferten Rohtext enthalten war, basiert diese Version auf der n\u00e4chstliegenden Giftun-Island-Quelle und sollte vor Ver\u00f6ffentlichung noch intern gegengepr\u00fcft werden<\/span><\/p>\n<p><span style=\"color: #000000; font-family: Georgia; font-weight: normal; font-size: large;\"><\/span><\/p>\n<p><span style=\"color: #000000; font-family: Georgia; font-weight: normal; font-size: large;\"><\/span><\/p>\n<p><span style=\"font-family: Georgia; font-weight: normal; font-size: large; color: #000000;\"><strong>Enthalten :<\/strong> Mittagsbuffet und saisonale Fr\u00fcchte<br \/>Zwei Schnorchelstopps<br \/>Bootstransfer zur Insel<br \/>Banana Boat und Sofa Ride<br \/>Schnorchelausr\u00fcstung (Maske, Flossen, Schwimmweste)<br \/>Getr\u00e4nke (Mineralwasser, Tee, Instantkaffee, Cola, Fanta)<br \/>Professionelle Guides und Schnorchelinstruktoren<br \/>Betreuung f\u00fcr Nichtschwimmer<\/span><\/p>\n<h4><\/h4>\n<h4><span style=\"font-family: Georgia; font-weight: normal; font-size: large; color: #000000;\"><strong><span dir=\"auto\" style=\"vertical-align: inherit;\">Nicht enthalten : <\/span><\/strong><span dir=\"auto\" style=\"vertical-align: inherit;\">Handt\u00fccher<\/span><span dir=\"auto\" style=\"vertical-align: inherit;\"><br \/>Pers\u00f6nliche Ausgaben<br \/>Fotoservice<br \/>Abholung von Makadi, Sahl Hasheesh, El Gouna, Soma Bay und Safaga gegen Aufpreis<br \/>Leistungen, die im Originaltext nicht eindeutig f\u00fcr Paradise Island genannt waren\u00a0<\/span><\/span><\/h4>\n<h4><span dir=\"auto\" style=\"vertical-align: inherit; font-family: Georgia; font-weight: normal; font-size: large; color: #000000;\"><\/span><\/h4>\n<p><span dir=\"auto\" style=\"vertical-align: inherit; font-family: Georgia; font-weight: normal; font-size: large; color: #000000;\"><strong>Wichtige Hinweise <\/strong>: Bitte Handt\u00fccher, Sonnencreme, Sonnenbrille, Kopfbedeckung und Badebekleidung mitbringen. Alle Aktivit\u00e4ten sind wetterabh\u00e4ngig. Kinder sollten von einem Erwachsenen begleitet werden. Diese Seite basiert auf einer adaptierten Giftun-Island-Quelle; Leistungsumfang und Bezeichnung bitte vor Ver\u00f6ffentlichung noch einmal pr\u00fcfen<\/span><\/p>\n<p><span dir=\"auto\" style=\"vertical-align: inherit; font-family: Georgia; font-weight: normal; font-size: large; color: #000000;\"><\/span><\/p>\n<h4><span dir=\"auto\" style=\"vertical-align: inherit; font-family: Georgia; font-weight: normal; font-size: large; color: #000000;\"><strong>Kontakttext :<\/strong> Jetzt Paradise Island anfragen oder direkt per WhatsApp buchen unter +20 12 79753800<\/span><\/h4>\n<p><span dir=\"auto\" style=\"vertical-align: inherit; font-family: Georgia; font-weight: normal; font-size: large; color: #000000;\"><\/span><\/p>\n<h4><span style=\"font-family: Georgia; font-weight: normal; font-size: large; color: #000000;\"><strong><span dir=\"auto\" style=\"vertical-align: inherit;\">WhatsApp \/ Telefonnummer : +20 12 79753800<\/span><\/strong><\/span><\/h4>\n<h4><\/h4>\n<p>[\/et_pb_text][\/et_pb_column][\/et_pb_row][et_pb_row column_structure=&#8220;1_2,1_2&#8243; admin_label=&#8220;Package&#8220; _builder_version=&#8220;4.16&#8243; background_size=&#8220;initial&#8220; background_position=&#8220;top_left&#8220; background_repeat=&#8220;repeat&#8220; global_colors_info=&#8220;{}&#8220;][et_pb_column type=&#8220;1_2&#8243; _builder_version=&#8220;4.16&#8243; custom_padding=&#8220;|||&#8220; global_colors_info=&#8220;{}&#8220; custom_padding__hover=&#8220;|||&#8220;][et_pb_image src=&#8220;http:\/\/momi-tours-hurghada.de\/wp-content\/uploads\/2024\/03\/Paradise-Island1.jpg&#8220; title_text=&#8220;Paradise-Island1&#8243; align_tablet=&#8220;center&#8220; align_phone=&#8220;center&#8220; align_last_edited=&#8220;on|desktop&#8220; admin_label=&#8220;Package Image&#8220; _builder_version=&#8220;4.24.2&#8243; animation_style=&#8220;fold&#8220; animation_direction=&#8220;right&#8220; animation_intensity_fold=&#8220;20%&#8220; global_colors_info=&#8220;{}&#8220;][\/et_pb_image][\/et_pb_column][et_pb_column type=&#8220;1_2&#8243; _builder_version=&#8220;4.16&#8243; custom_padding=&#8220;|||&#8220; global_colors_info=&#8220;{}&#8220; custom_padding__hover=&#8220;|||&#8220;][et_pb_contact_form email=&#8220;info@momi-tours-hurghada.de&#8220; title=&#8220;Anfrage zur Paradise Island&#8220; custom_message=&#8220;Paradise Island&#8220; _builder_version=&#8220;4.24.2&#8243; _module_preset=&#8220;default&#8220; _unique_id=&#8220;ba556c14-7499-4914-9ed9-641796f11096&#8243; global_colors_info=&#8220;{}&#8220;][et_pb_contact_field field_id=&#8220;Name&#8220; field_title=&#8220;Name&#8220; _builder_version=&#8220;4.16&#8243; global_colors_info=&#8220;{}&#8220; button_text_size__hover_enabled=&#8220;off&#8220; button_one_text_size__hover_enabled=&#8220;off&#8220; button_two_text_size__hover_enabled=&#8220;off&#8220; button_text_color__hover_enabled=&#8220;off&#8220; button_one_text_color__hover_enabled=&#8220;off&#8220; button_two_text_color__hover_enabled=&#8220;off&#8220; button_border_width__hover_enabled=&#8220;off&#8220; button_one_border_width__hover_enabled=&#8220;off&#8220; button_two_border_width__hover_enabled=&#8220;off&#8220; button_border_color__hover_enabled=&#8220;off&#8220; button_one_border_color__hover_enabled=&#8220;off&#8220; button_two_border_color__hover_enabled=&#8220;off&#8220; button_border_radius__hover_enabled=&#8220;off&#8220; button_one_border_radius__hover_enabled=&#8220;off&#8220; button_two_border_radius__hover_enabled=&#8220;off&#8220; button_letter_spacing__hover_enabled=&#8220;off&#8220; button_one_letter_spacing__hover_enabled=&#8220;off&#8220; button_two_letter_spacing__hover_enabled=&#8220;off&#8220; button_bg_color__hover_enabled=&#8220;off&#8220; button_one_bg_color__hover_enabled=&#8220;off&#8220; button_two_bg_color__hover_enabled=&#8220;off&#8220;][\/et_pb_contact_field][et_pb_contact_field field_id=&#8220;Email&#8220; field_title=&#8220;E-Mail-Adresse&#8220; field_type=&#8220;email&#8220; _builder_version=&#8220;4.16&#8243; global_colors_info=&#8220;{}&#8220; button_text_size__hover_enabled=&#8220;off&#8220; button_one_text_size__hover_enabled=&#8220;off&#8220; button_two_text_size__hover_enabled=&#8220;off&#8220; button_text_color__hover_enabled=&#8220;off&#8220; button_one_text_color__hover_enabled=&#8220;off&#8220; button_two_text_color__hover_enabled=&#8220;off&#8220; button_border_width__hover_enabled=&#8220;off&#8220; button_one_border_width__hover_enabled=&#8220;off&#8220; button_two_border_width__hover_enabled=&#8220;off&#8220; button_border_color__hover_enabled=&#8220;off&#8220; button_one_border_color__hover_enabled=&#8220;off&#8220; button_two_border_color__hover_enabled=&#8220;off&#8220; button_border_radius__hover_enabled=&#8220;off&#8220; button_one_border_radius__hover_enabled=&#8220;off&#8220; button_two_border_radius__hover_enabled=&#8220;off&#8220; button_letter_spacing__hover_enabled=&#8220;off&#8220; button_one_letter_spacing__hover_enabled=&#8220;off&#8220; button_two_letter_spacing__hover_enabled=&#8220;off&#8220; button_bg_color__hover_enabled=&#8220;off&#8220; button_one_bg_color__hover_enabled=&#8220;off&#8220; button_two_bg_color__hover_enabled=&#8220;off&#8220;][\/et_pb_contact_field][et_pb_contact_field field_id=&#8220;Message&#8220; field_title=&#8220;Nachricht&#8220; field_type=&#8220;text&#8220; fullwidth_field=&#8220;on&#8220; _builder_version=&#8220;4.16&#8243; global_colors_info=&#8220;{}&#8220; button_text_size__hover_enabled=&#8220;off&#8220; button_one_text_size__hover_enabled=&#8220;off&#8220; button_two_text_size__hover_enabled=&#8220;off&#8220; button_text_color__hover_enabled=&#8220;off&#8220; button_one_text_color__hover_enabled=&#8220;off&#8220; button_two_text_color__hover_enabled=&#8220;off&#8220; button_border_width__hover_enabled=&#8220;off&#8220; button_one_border_width__hover_enabled=&#8220;off&#8220; button_two_border_width__hover_enabled=&#8220;off&#8220; button_border_color__hover_enabled=&#8220;off&#8220; button_one_border_color__hover_enabled=&#8220;off&#8220; button_two_border_color__hover_enabled=&#8220;off&#8220; button_border_radius__hover_enabled=&#8220;off&#8220; button_one_border_radius__hover_enabled=&#8220;off&#8220; button_two_border_radius__hover_enabled=&#8220;off&#8220; button_letter_spacing__hover_enabled=&#8220;off&#8220; button_one_letter_spacing__hover_enabled=&#8220;off&#8220; button_two_letter_spacing__hover_enabled=&#8220;off&#8220; button_bg_color__hover_enabled=&#8220;off&#8220; button_one_bg_color__hover_enabled=&#8220;off&#8220; button_two_bg_color__hover_enabled=&#8220;off&#8220;][\/et_pb_contact_field][et_pb_contact_field field_id=&#8220;Telefon&#8220; field_title=&#8220;Telefon&#8220; fullwidth_field=&#8220;on&#8220; _builder_version=&#8220;4.24.2&#8243; _module_preset=&#8220;default&#8220; global_colors_info=&#8220;{}&#8220;][\/et_pb_contact_field][\/et_pb_contact_form][\/et_pb_column][\/et_pb_row][\/et_pb_section]<\/p>\n","protected":false},"excerpt":{"rendered":"<p>Paradise Island TourParadise Island \u2013 Inseltag im Roten Meer &nbsp; \u00a0\u20ac 20.60 &nbsp;Genie\u00dfen Sie einen entspannten Tag auf Paradise Island mit Bootsfahrt ab Hurghada, zwei Schnorchelstopps, wei\u00dfem Sandstrand, Fr\u00fchst\u00fcck, Mittagsbuffet, frischen Fr\u00fcchten, Getr\u00e4nken und Wassersport f\u00fcr die ganze Familie8 Stunden Hotels in Hurghada Hurghada \/ Rotes Meer Sprachenfeld :Deutsch &#8211; English &#8211; French &#8211; Russian [&hellip;]<\/p>\n","protected":false},"author":1,"featured_media":0,"parent":0,"menu_order":0,"comment_status":"closed","ping_status":"closed","template":"","meta":{"_et_pb_use_builder":"on","_et_pb_old_content":"","_et_gb_content_width":"","footnotes":""},"_links":{"self":[{"href":"https:\/\/momi-tours-hurghada.de\/en\/wp-json\/wp\/v2\/pages\/255"}],"collection":[{"href":"https:\/\/momi-tours-hurghada.de\/en\/wp-json\/wp\/v2\/pages"}],"about":[{"href":"https:\/\/momi-tours-hurghada.de\/en\/wp-json\/wp\/v2\/types\/page"}],"author":[{"embeddable":true,"href":"https:\/\/momi-tours-hurghada.de\/en\/wp-json\/wp\/v2\/users\/1"}],"replies":[{"embeddable":true,"href":"https:\/\/momi-tours-hurghada.de\/en\/wp-json\/wp\/v2\/comments?post=255"}],"version-history":[{"count":5,"href":"https:\/\/momi-tours-hurghada.de\/en\/wp-json\/wp\/v2\/pages\/255\/revisions"}],"predecessor-version":[{"id":599,"href":"https:\/\/momi-tours-hurghada.de\/en\/wp-json\/wp\/v2\/pages\/255\/revisions\/599"}],"wp:attachment":[{"href":"https:\/\/momi-tours-hurghada.de\/en\/wp-json\/wp\/v2\/media?parent=255"}],"curies":[{"name":"wp","href":"https:\/\/api.w.org\/{rel}","templated":true}]}}