{"id":307,"date":"2024-03-15T17:24:58","date_gmt":"2024-03-15T17:24:58","guid":{"rendered":"http:\/\/momi-tours-hurghada.de\/?page_id=307"},"modified":"2026-04-07T21:27:32","modified_gmt":"2026-04-07T21:27:32","slug":"sharm-el-naga-ausflug","status":"publish","type":"page","link":"https:\/\/momi-tours-hurghada.de\/en\/sharm-el-naga-ausflug\/","title":{"rendered":"Sharm El-Naga Ausflug"},"content":{"rendered":"<p>[et_pb_section fb_built=&#8220;1&#8243; custom_padding_last_edited=&#8220;on|tablet&#8220; admin_label=&#8220;Packages&#8220; _builder_version=&#8220;4.16&#8243; custom_padding=&#8220;110px||110px|&#8220; custom_padding_tablet=&#8220;0px||0px|&#8220; custom_padding_phone=&#8220;&#8220; global_colors_info=&#8220;{}&#8220;][et_pb_row custom_padding_last_edited=&#8220;on|phone&#8220; admin_label=&#8220;Packages Title&#8220; _builder_version=&#8220;4.16&#8243; custom_padding=&#8220;30px|0px|120px|0px&#8220; custom_padding_tablet=&#8220;60px||0px|&#8220; custom_padding_phone=&#8220;&#8220; locked=&#8220;off&#8220; global_colors_info=&#8220;{}&#8220;][et_pb_column type=&#8220;4_4&#8243; _builder_version=&#8220;4.16&#8243; custom_padding=&#8220;|||&#8220; global_colors_info=&#8220;{}&#8220; custom_padding__hover=&#8220;|||&#8220;][et_pb_text _builder_version=&#8220;4.24.2&#8243; text_font=&#8220;||||&#8220; text_text_color=&#8220;#1a1a1a&#8220; header_font=&#8220;Verdana|700||on|||||&#8220; header_text_align=&#8220;center&#8220; header_font_size=&#8220;60px&#8220; header_line_height=&#8220;1.3em&#8220; module_alignment=&#8220;center&#8220; custom_margin=&#8220;|||&#8220; custom_padding=&#8220;|||&#8220; animation_style=&#8220;slide&#8220; animation_direction=&#8220;top&#8220; animation_intensity_slide=&#8220;10%&#8220; locked=&#8220;off&#8220; global_colors_info=&#8220;{}&#8220;]<\/p>\n<h1>Sharm El-Naga excursion<\/h1>\n<p>[\/et_pb_text][et_pb_divider color=&#8220;#ed4441&#8243; divider_position=&#8220;center&#8220; divider_weight=&#8220;3px&#8220; disabled_on=&#8220;off|off|off&#8220; _builder_version=&#8220;4.16&#8243; max_width=&#8220;150px&#8220; module_alignment=&#8220;center&#8220; height=&#8220;false&#8220; custom_margin=&#8220;30px|||&#8220; animation_style=&#8220;slide&#8220; animation_direction=&#8220;top&#8220; animation_delay=&#8220;100ms&#8220; animation_intensity_slide=&#8220;10%&#8220; locked=&#8220;off&#8220; global_colors_info=&#8220;{}&#8220;][\/et_pb_divider][\/et_pb_column][\/et_pb_row][et_pb_row column_structure=&#8220;1_2,1_2&#8243; admin_label=&#8220;Package&#8220; _builder_version=&#8220;4.16&#8243; background_size=&#8220;initial&#8220; background_position=&#8220;top_left&#8220; background_repeat=&#8220;repeat&#8220; global_colors_info=&#8220;{}&#8220;][et_pb_column type=&#8220;1_2&#8243; _builder_version=&#8220;4.16&#8243; custom_padding=&#8220;|||&#8220; global_colors_info=&#8220;{}&#8220; custom_padding__hover=&#8220;|||&#8220;][et_pb_image src=&#8220;http:\/\/momi-tours-hurghada.de\/wp-content\/uploads\/2024\/03\/sharm2.jpg&#8220; title_text=&#8220;sharm2&#8243; align_tablet=&#8220;center&#8220; align_phone=&#8220;center&#8220; align_last_edited=&#8220;on|desktop&#8220; admin_label=&#8220;Package Image&#8220; _builder_version=&#8220;4.24.2&#8243; animation_style=&#8220;fold&#8220; animation_direction=&#8220;right&#8220; animation_intensity_fold=&#8220;20%&#8220; global_colors_info=&#8220;{}&#8220;][\/et_pb_image][\/et_pb_column][et_pb_column type=&#8220;1_2&#8243; _builder_version=&#8220;4.16&#8243; custom_padding=&#8220;|||&#8220; global_colors_info=&#8220;{}&#8220; custom_padding__hover=&#8220;|||&#8220;][et_pb_text admin_label=&#8220;Package Title&#8220; _builder_version=&#8220;4.24.2&#8243; text_font=&#8220;Verdana||||||||&#8220; text_text_color=&#8220;#1a1a1a&#8220; text_font_size=&#8220;24px&#8220; background_size=&#8220;initial&#8220; background_position=&#8220;top_left&#8220; background_repeat=&#8220;repeat&#8220; animation_style=&#8220;zoom&#8220; animation_direction=&#8220;left&#8220; animation_intensity_zoom=&#8220;10%&#8220; global_colors_info=&#8220;{}&#8220; inline_fonts=&#8220;Georgia&#8220;]<\/p>\n<h1><span style=\"font-family: Georgia; font-weight: normal; font-size: xx-large;\">Sharm El Naga \u2013 Schnorcheln und Strandtag<\/span><\/h1>\n<p>&nbsp;<\/p>\n<h4><span style=\"color: #339966; font-family: Georgia; font-weight: normal; font-size: x-large;\"><strong><span dir=\"auto\" style=\"vertical-align: inherit;\">\u00a0<strong class=\"Yjhzub\" jsaction=\"\" jscontroller=\"zYmgkd\" data-sfc-root=\"c\" jsuid=\"bwlggb_c\" data-sfc-cb=\"\">\u20ac 28.67<\/strong><\/span><\/strong><\/span><\/h4>\n<p>[\/et_pb_text][et_pb_text admin_label=&#8220;Description&#8220; _builder_version=&#8220;4.24.2&#8243; text_font=&#8220;Verdana||||||||&#8220; text_font_size=&#8220;16px&#8220; text_line_height=&#8220;1.8em&#8220; background_size=&#8220;initial&#8220; background_position=&#8220;top_left&#8220; background_repeat=&#8220;repeat&#8220; animation_style=&#8220;zoom&#8220; animation_direction=&#8220;left&#8220; animation_delay=&#8220;100ms&#8220; animation_intensity_zoom=&#8220;10%&#8220; global_colors_info=&#8220;{}&#8220; inline_fonts=&#8220;Georgia&#8220;]<\/p>\n<p><span style=\"font-family: Georgia; font-weight: normal; font-size: large;\">Entspannen Sie am traumhaften Strand von Sharm El Naga und entdecken Sie beim Schnorcheln farbenfrohe Korallenriffe, tropische Fische und die ruhige Sch\u00f6nheit dieses gesch\u00fctzten K\u00fcstengebiets<\/span><\/p>\n<p>[\/et_pb_text][\/et_pb_column][\/et_pb_row][et_pb_row _builder_version=&#8220;4.27.6&#8243; _module_preset=&#8220;default&#8220;][et_pb_column _builder_version=&#8220;4.27.6&#8243; _module_preset=&#8220;default&#8220; type=&#8220;4_4&#8243;][et_pb_text _builder_version=&#8220;4.27.6&#8243; _module_preset=&#8220;default&#8220; hover_enabled=&#8220;0&#8243; sticky_enabled=&#8220;0&#8243; inline_fonts=&#8220;Georgia&#8220;]<\/p>\n<h4><span style=\"font-family: Georgia; font-weight: normal; font-size: large; color: #000000;\">8 Stunden<\/span><\/h4>\n<p><span style=\"font-family: Georgia; font-weight: normal; font-size: large; color: #000000;\"><\/span><\/p>\n<h4><span style=\"font-family: Georgia;\">Hotels in El Gouna, Hurghada, Sahl Haschisch, Makadi<\/span><\/h4>\n<p><span style=\"font-family: Georgia;\"><\/span><\/p>\n<h4><span style=\"font-family: Georgia;\">Hurghada \/ Sharm El Naga<\/span><\/h4>\n<p><span style=\"font-family: Georgia; font-weight: normal; font-size: large;\"><\/span><\/p>\n<h4><span dir=\"auto\" style=\"vertical-align: inherit; font-family: Georgia; font-weight: normal; font-size: large; color: #000000;\"><strong>Sprachenfeld : <\/strong>Deutsch &#8211; English<\/span><\/h4>\n<p><span dir=\"auto\" style=\"vertical-align: inherit; font-family: Georgia; font-weight: normal; font-size: large; color: #000000;\"><\/span><\/p>\n<h4><span style=\"font-family: Georgia; font-weight: normal; font-size: large; color: #000000;\"><strong><span dir=\"auto\" style=\"vertical-align: inherit;\">\u00dcberblick :\u00a0 <\/span><\/strong><span dir=\"auto\" style=\"vertical-align: inherit;\">Unvergessliches Schnorchelabenteuer in Sharm El Naga<\/span><span dir=\"auto\" style=\"vertical-align: inherit;\"><br \/>Farbenfrohe Korallenriffe und tropische Meeresbewohner<br \/>Freizeit zum Entspannen am Sandstrand<br \/>Mittagessen mit traditioneller \u00e4gyptischer K\u00fcche<br \/>Bequemer Hoteltransfer im klimatisierten Fahrzeug<\/span><\/span><\/h4>\n<p><span style=\"font-family: Georgia; font-weight: normal; font-size: large;\">\u00a0<\/span><\/p>\n<p><span style=\"font-family: Georgia; font-weight: normal; font-size: large; color: #000000;\">Ihr Ausflug nach Sharm El Naga beginnt mit der Abholung vom Hotel und der Fahrt in einem komfortablen, klimatisierten Fahrzeug entlang der K\u00fcste. Schon unterwegs genie\u00dfen Sie sch\u00f6ne Ausblicke auf W\u00fcste und Meer, bevor Sie eines der bekanntesten Schnorchelgebiete s\u00fcdlich von Hurghada erreichen.<\/span><\/p>\n<p><span style=\"font-family: Georgia; font-weight: normal; font-size: large; color: #000000;\">In Sharm El Naga erwartet Sie ein gesch\u00fctztes K\u00fcstengebiet mit klarem Wasser, bunten Korallen und vielen tropischen Fischen. Nach dem Ausr\u00fcsten mit Schnorchelequipment k\u00f6nnen Sie direkt vom Strand aus ins Wasser gehen und die faszinierende Unterwasserwelt entdecken. Je nach Gl\u00fcck lassen sich sogar Meeresschildkr\u00f6ten oder andere gr\u00f6\u00dfere Meeresbewohner beobachten.<\/span><\/p>\n<p><span style=\"font-family: Georgia; font-weight: normal; font-size: large; color: #000000;\">Nach dem Schnorcheln bleibt gen\u00fcgend Zeit, um am Strand zu entspannen, zu schwimmen oder einfach die ruhige Atmosph\u00e4re zu genie\u00dfen. Ein Mittagessen im Strandrestaurant rundet den Tag ab, bevor Sie am Nachmittag wieder zur\u00fcck nach Hurghada fahren<\/span><\/p>\n<p><span style=\"font-family: Georgia; font-weight: normal; font-size: large; color: #000000;\"><strong><\/strong><\/span><\/p>\n<p><span style=\"font-family: Georgia; font-weight: normal; font-size: large; color: #000000;\"><strong>Enthalten :<\/strong> Hotelabholung und R\u00fccktransfer<br \/>Alle Transfers im klimatisierten Fahrzeug<br \/>Eintrittsgeb\u00fchren f\u00fcr Sharm El Naga<br \/>Schnorchelausr\u00fcstung<br \/>Schwimmwesten<br \/>Mittagessen<br \/>Softdrinks<br \/>Kinderbereich<br \/>Rettungsschwimmer vor Ort<\/span><\/p>\n<h4><\/h4>\n<h4><span style=\"font-family: Georgia; font-weight: normal; font-size: large; color: #000000;\"><strong><span dir=\"auto\" style=\"vertical-align: inherit;\">Nicht enthalten : <\/span><\/strong><span dir=\"auto\" style=\"vertical-align: inherit;\">Guide und Schnorchelinstruktor<\/span><span dir=\"auto\" style=\"vertical-align: inherit;\"><br \/>Trinkgelder<br \/>Abholung von Makadi, Sahl Hasheesh, El Gouna, Soma Bay und Safaga optional beim Checkout w\u00e4hlbar<\/span><\/span><\/h4>\n<h4><span dir=\"auto\" style=\"vertical-align: inherit; font-family: Georgia; font-weight: normal; font-size: large; color: #000000;\"><\/span><\/h4>\n<p><span dir=\"auto\" style=\"vertical-align: inherit; font-family: Georgia; font-weight: normal; font-size: large; color: #000000;\"><strong>Wichtige Hinweise <\/strong>: Bitte Badebekleidung, Sonnenhut, Handtuch, Sonnenbrille, Sonnenschutz und eventuell eine Kamera mitbringen. Geeignet f\u00fcr G\u00e4ste, die Strand und einfaches Schnorcheln kombinieren m\u00f6chten. Zusatztransfers k\u00f6nnen je nach Hotelzone anfallen<\/span><\/p>\n<p><span dir=\"auto\" style=\"vertical-align: inherit; font-family: Georgia; font-weight: normal; font-size: large; color: #000000;\"><\/span><\/p>\n<h4><span style=\"font-family: Georgia;\"><span dir=\"auto\" style=\"vertical-align: inherit; font-weight: normal; font-size: large; color: #000000;\"><strong>Kontakttext :<\/strong>Jetzt Sharm El-Naga excursion anfragen oder direkt per WhatsApp buchen <br \/><\/span><span dir=\"auto\" style=\"vertical-align: inherit; font-weight: normal; font-size: large; color: #000000;\">unter +20 12 79753800<\/span><\/span><\/h4>\n<p><span dir=\"auto\" style=\"vertical-align: inherit; font-family: Georgia; font-weight: normal; font-size: large; color: #000000;\"><\/span><\/p>\n<h4><span style=\"font-family: Georgia; font-weight: normal; font-size: large; color: #000000;\"><strong><span dir=\"auto\" style=\"vertical-align: inherit;\">WhatsApp \/ Telefonnummer : +20 12 79753800<\/span><\/strong><\/span><\/h4>\n<h4><\/h4>\n<p>[\/et_pb_text][\/et_pb_column][\/et_pb_row][et_pb_row _builder_version=&#8220;4.27.6&#8243; _module_preset=&#8220;default&#8220;][et_pb_column _builder_version=&#8220;4.27.6&#8243; _module_preset=&#8220;default&#8220; type=&#8220;4_4&#8243;][et_pb_divider _builder_version=&#8220;4.27.6&#8243; _module_preset=&#8220;default&#8220; hover_enabled=&#8220;0&#8243; sticky_enabled=&#8220;0&#8243;][\/et_pb_divider][\/et_pb_column][\/et_pb_row][et_pb_row column_structure=&#8220;1_2,1_2&#8243; admin_label=&#8220;Package&#8220; _builder_version=&#8220;4.16&#8243; background_size=&#8220;initial&#8220; background_position=&#8220;top_left&#8220; background_repeat=&#8220;repeat&#8220; global_colors_info=&#8220;{}&#8220;][et_pb_column type=&#8220;1_2&#8243; _builder_version=&#8220;4.16&#8243; custom_padding=&#8220;|||&#8220; global_colors_info=&#8220;{}&#8220; custom_padding__hover=&#8220;|||&#8220;][et_pb_image src=&#8220;http:\/\/momi-tours-hurghada.de\/wp-content\/uploads\/2024\/03\/sharm1.jpg&#8220; title_text=&#8220;sharm1&#8243; align_tablet=&#8220;center&#8220; align_phone=&#8220;center&#8220; align_last_edited=&#8220;on|desktop&#8220; admin_label=&#8220;Package Image&#8220; _builder_version=&#8220;4.24.2&#8243; animation_style=&#8220;fold&#8220; animation_direction=&#8220;right&#8220; animation_intensity_fold=&#8220;20%&#8220; global_colors_info=&#8220;{}&#8220;][\/et_pb_image][\/et_pb_column][et_pb_column type=&#8220;1_2&#8243; _builder_version=&#8220;4.16&#8243; custom_padding=&#8220;|||&#8220; global_colors_info=&#8220;{}&#8220; custom_padding__hover=&#8220;|||&#8220;][et_pb_contact_form email=&#8220;info@momi-tours-hurghada.de&#8220; title=&#8220;Anfrage zur Sharm El-Naga excursion&#8220; custom_message=&#8220;Sharm El-Naga&#8220; _builder_version=&#8220;4.24.2&#8243; _module_preset=&#8220;default&#8220; _unique_id=&#8220;ba556c14-7499-4914-9ed9-641796f11096&#8243; global_colors_info=&#8220;{}&#8220;][et_pb_contact_field field_id=&#8220;Name&#8220; field_title=&#8220;Name&#8220; _builder_version=&#8220;4.16&#8243; global_colors_info=&#8220;{}&#8220; button_text_size__hover_enabled=&#8220;off&#8220; button_one_text_size__hover_enabled=&#8220;off&#8220; button_two_text_size__hover_enabled=&#8220;off&#8220; button_text_color__hover_enabled=&#8220;off&#8220; button_one_text_color__hover_enabled=&#8220;off&#8220; button_two_text_color__hover_enabled=&#8220;off&#8220; button_border_width__hover_enabled=&#8220;off&#8220; button_one_border_width__hover_enabled=&#8220;off&#8220; button_two_border_width__hover_enabled=&#8220;off&#8220; button_border_color__hover_enabled=&#8220;off&#8220; button_one_border_color__hover_enabled=&#8220;off&#8220; button_two_border_color__hover_enabled=&#8220;off&#8220; button_border_radius__hover_enabled=&#8220;off&#8220; button_one_border_radius__hover_enabled=&#8220;off&#8220; button_two_border_radius__hover_enabled=&#8220;off&#8220; button_letter_spacing__hover_enabled=&#8220;off&#8220; button_one_letter_spacing__hover_enabled=&#8220;off&#8220; button_two_letter_spacing__hover_enabled=&#8220;off&#8220; button_bg_color__hover_enabled=&#8220;off&#8220; button_one_bg_color__hover_enabled=&#8220;off&#8220; button_two_bg_color__hover_enabled=&#8220;off&#8220;][\/et_pb_contact_field][et_pb_contact_field field_id=&#8220;Email&#8220; field_title=&#8220;E-Mail-Adresse&#8220; field_type=&#8220;email&#8220; _builder_version=&#8220;4.16&#8243; global_colors_info=&#8220;{}&#8220; button_text_size__hover_enabled=&#8220;off&#8220; button_one_text_size__hover_enabled=&#8220;off&#8220; button_two_text_size__hover_enabled=&#8220;off&#8220; button_text_color__hover_enabled=&#8220;off&#8220; button_one_text_color__hover_enabled=&#8220;off&#8220; button_two_text_color__hover_enabled=&#8220;off&#8220; button_border_width__hover_enabled=&#8220;off&#8220; button_one_border_width__hover_enabled=&#8220;off&#8220; button_two_border_width__hover_enabled=&#8220;off&#8220; button_border_color__hover_enabled=&#8220;off&#8220; button_one_border_color__hover_enabled=&#8220;off&#8220; button_two_border_color__hover_enabled=&#8220;off&#8220; button_border_radius__hover_enabled=&#8220;off&#8220; button_one_border_radius__hover_enabled=&#8220;off&#8220; button_two_border_radius__hover_enabled=&#8220;off&#8220; button_letter_spacing__hover_enabled=&#8220;off&#8220; button_one_letter_spacing__hover_enabled=&#8220;off&#8220; button_two_letter_spacing__hover_enabled=&#8220;off&#8220; button_bg_color__hover_enabled=&#8220;off&#8220; button_one_bg_color__hover_enabled=&#8220;off&#8220; button_two_bg_color__hover_enabled=&#8220;off&#8220;][\/et_pb_contact_field][et_pb_contact_field field_id=&#8220;Message&#8220; field_title=&#8220;Nachricht&#8220; field_type=&#8220;text&#8220; fullwidth_field=&#8220;on&#8220; _builder_version=&#8220;4.16&#8243; global_colors_info=&#8220;{}&#8220; button_text_size__hover_enabled=&#8220;off&#8220; button_one_text_size__hover_enabled=&#8220;off&#8220; button_two_text_size__hover_enabled=&#8220;off&#8220; button_text_color__hover_enabled=&#8220;off&#8220; button_one_text_color__hover_enabled=&#8220;off&#8220; button_two_text_color__hover_enabled=&#8220;off&#8220; button_border_width__hover_enabled=&#8220;off&#8220; button_one_border_width__hover_enabled=&#8220;off&#8220; button_two_border_width__hover_enabled=&#8220;off&#8220; button_border_color__hover_enabled=&#8220;off&#8220; button_one_border_color__hover_enabled=&#8220;off&#8220; button_two_border_color__hover_enabled=&#8220;off&#8220; button_border_radius__hover_enabled=&#8220;off&#8220; button_one_border_radius__hover_enabled=&#8220;off&#8220; button_two_border_radius__hover_enabled=&#8220;off&#8220; button_letter_spacing__hover_enabled=&#8220;off&#8220; button_one_letter_spacing__hover_enabled=&#8220;off&#8220; button_two_letter_spacing__hover_enabled=&#8220;off&#8220; button_bg_color__hover_enabled=&#8220;off&#8220; button_one_bg_color__hover_enabled=&#8220;off&#8220; button_two_bg_color__hover_enabled=&#8220;off&#8220;][\/et_pb_contact_field][et_pb_contact_field field_id=&#8220;Telefon&#8220; field_title=&#8220;Telefon&#8220; fullwidth_field=&#8220;on&#8220; _builder_version=&#8220;4.24.2&#8243; _module_preset=&#8220;default&#8220; global_colors_info=&#8220;{}&#8220;][\/et_pb_contact_field][\/et_pb_contact_form][\/et_pb_column][\/et_pb_row][\/et_pb_section]<\/p>\n","protected":false},"excerpt":{"rendered":"<p>Sharm El-Naga excursionSharm El Naga \u2013 Schnorcheln und Strandtag &nbsp; \u00a0\u20ac 28.67Entspannen Sie am traumhaften Strand von Sharm El Naga und entdecken Sie beim Schnorcheln farbenfrohe Korallenriffe, tropische Fische und die ruhige Sch\u00f6nheit dieses gesch\u00fctzten K\u00fcstengebiets8 Stunden Hotels in El Gouna, Hurghada, Sahl Haschisch, Makadi Hurghada \/ Sharm El Naga Sprachenfeld : Deutsch &#8211; English [&hellip;]<\/p>\n","protected":false},"author":1,"featured_media":0,"parent":0,"menu_order":0,"comment_status":"closed","ping_status":"closed","template":"","meta":{"_et_pb_use_builder":"on","_et_pb_old_content":"","_et_gb_content_width":"","footnotes":""},"_links":{"self":[{"href":"https:\/\/momi-tours-hurghada.de\/en\/wp-json\/wp\/v2\/pages\/307"}],"collection":[{"href":"https:\/\/momi-tours-hurghada.de\/en\/wp-json\/wp\/v2\/pages"}],"about":[{"href":"https:\/\/momi-tours-hurghada.de\/en\/wp-json\/wp\/v2\/types\/page"}],"author":[{"embeddable":true,"href":"https:\/\/momi-tours-hurghada.de\/en\/wp-json\/wp\/v2\/users\/1"}],"replies":[{"embeddable":true,"href":"https:\/\/momi-tours-hurghada.de\/en\/wp-json\/wp\/v2\/comments?post=307"}],"version-history":[{"count":4,"href":"https:\/\/momi-tours-hurghada.de\/en\/wp-json\/wp\/v2\/pages\/307\/revisions"}],"predecessor-version":[{"id":619,"href":"https:\/\/momi-tours-hurghada.de\/en\/wp-json\/wp\/v2\/pages\/307\/revisions\/619"}],"wp:attachment":[{"href":"https:\/\/momi-tours-hurghada.de\/en\/wp-json\/wp\/v2\/media?parent=307"}],"curies":[{"name":"wp","href":"https:\/\/api.w.org\/{rel}","templated":true}]}}