{"id":350,"date":"2024-03-15T19:16:20","date_gmt":"2024-03-15T19:16:20","guid":{"rendered":"http:\/\/momi-tours-hurghada.de\/?page_id=350"},"modified":"2026-03-31T22:25:55","modified_gmt":"2026-03-31T22:25:55","slug":"ganzkoerpermassage","status":"publish","type":"page","link":"https:\/\/momi-tours-hurghada.de\/en\/ganzkoerpermassage\/","title":{"rendered":"Ganzk\u00f6rpermassage"},"content":{"rendered":"<p>[et_pb_section fb_built=&#8220;1&#8243; custom_padding_last_edited=&#8220;on|tablet&#8220; admin_label=&#8220;Packages&#8220; _builder_version=&#8220;4.16&#8243; custom_padding=&#8220;110px||110px|&#8220; custom_padding_tablet=&#8220;0px||0px|&#8220; custom_padding_phone=&#8220;&#8220; global_colors_info=&#8220;{}&#8220;][et_pb_row custom_padding_last_edited=&#8220;on|phone&#8220; admin_label=&#8220;Packages Title&#8220; _builder_version=&#8220;4.16&#8243; custom_padding=&#8220;30px|0px|120px|0px&#8220; custom_padding_tablet=&#8220;60px||0px|&#8220; custom_padding_phone=&#8220;&#8220; locked=&#8220;off&#8220; global_colors_info=&#8220;{}&#8220;][et_pb_column type=&#8220;4_4&#8243; _builder_version=&#8220;4.16&#8243; custom_padding=&#8220;|||&#8220; global_colors_info=&#8220;{}&#8220; custom_padding__hover=&#8220;|||&#8220;][et_pb_text _builder_version=&#8220;4.24.2&#8243; text_font=&#8220;||||&#8220; text_text_color=&#8220;#1a1a1a&#8220; header_font=&#8220;Verdana|700||on|||||&#8220; header_text_align=&#8220;center&#8220; header_font_size=&#8220;60px&#8220; header_line_height=&#8220;1.3em&#8220; module_alignment=&#8220;center&#8220; custom_margin=&#8220;|||&#8220; custom_padding=&#8220;|||&#8220; animation_style=&#8220;slide&#8220; animation_direction=&#8220;top&#8220; animation_intensity_slide=&#8220;10%&#8220; locked=&#8220;off&#8220; global_colors_info=&#8220;{}&#8220;]<\/p>\n<h1><span dir=\"auto\" style=\"vertical-align: inherit;\"><span dir=\"auto\" style=\"vertical-align: inherit;\"><span dir=\"auto\" style=\"vertical-align: inherit;\"><span dir=\"auto\" style=\"vertical-align: inherit;\">Full body massage njhj<\/span><\/span><\/span><\/span><\/h1>\n<p>[\/et_pb_text][et_pb_divider color=&#8220;#ed4441&#8243; divider_position=&#8220;center&#8220; divider_weight=&#8220;3px&#8220; disabled_on=&#8220;off|off|off&#8220; _builder_version=&#8220;4.16&#8243; max_width=&#8220;150px&#8220; module_alignment=&#8220;center&#8220; height=&#8220;false&#8220; custom_margin=&#8220;30px|||&#8220; animation_style=&#8220;slide&#8220; animation_direction=&#8220;top&#8220; animation_delay=&#8220;100ms&#8220; animation_intensity_slide=&#8220;10%&#8220; locked=&#8220;off&#8220; global_colors_info=&#8220;{}&#8220;][\/et_pb_divider][\/et_pb_column][\/et_pb_row][et_pb_row column_structure=&#8220;1_2,1_2&#8243; admin_label=&#8220;Package&#8220; _builder_version=&#8220;4.16&#8243; background_size=&#8220;initial&#8220; background_position=&#8220;top_left&#8220; background_repeat=&#8220;repeat&#8220; global_colors_info=&#8220;{}&#8220;][et_pb_column type=&#8220;1_2&#8243; _builder_version=&#8220;4.16&#8243; custom_padding=&#8220;|||&#8220; global_colors_info=&#8220;{}&#8220; custom_padding__hover=&#8220;|||&#8220;][et_pb_image src=&#8220;http:\/\/momi-tours-hurghada.de\/wp-content\/uploads\/2024\/03\/spa3.jpg&#8220; title_text=&#8220;spa3&#8243; align_tablet=&#8220;center&#8220; align_phone=&#8220;center&#8220; align_last_edited=&#8220;on|desktop&#8220; admin_label=&#8220;Package Image&#8220; _builder_version=&#8220;4.24.2&#8243; animation_style=&#8220;fold&#8220; animation_direction=&#8220;right&#8220; animation_intensity_fold=&#8220;20%&#8220; global_colors_info=&#8220;{}&#8220;][\/et_pb_image][\/et_pb_column][et_pb_column type=&#8220;1_2&#8243; _builder_version=&#8220;4.16&#8243; custom_padding=&#8220;|||&#8220; global_colors_info=&#8220;{}&#8220; custom_padding__hover=&#8220;|||&#8220;][et_pb_text admin_label=&#8220;Package Title&#8220; _builder_version=&#8220;4.24.2&#8243; text_font=&#8220;Verdana||||||||&#8220; text_text_color=&#8220;#1a1a1a&#8220; text_font_size=&#8220;24px&#8220; background_size=&#8220;initial&#8220; background_position=&#8220;top_left&#8220; background_repeat=&#8220;repeat&#8220; animation_style=&#8220;zoom&#8220; animation_direction=&#8220;left&#8220; animation_intensity_zoom=&#8220;10%&#8220; global_colors_info=&#8220;{}&#8220;]<\/p>\n<h1>Ganzk\u00f6rpermassage &#8211; vom Profi<\/h1>\n<p>[\/et_pb_text][et_pb_text admin_label=&#8220;Description&#8220; _builder_version=&#8220;4.24.2&#8243; text_font=&#8220;Verdana||||||||&#8220; text_font_size=&#8220;16px&#8220; text_line_height=&#8220;1.8em&#8220; background_size=&#8220;initial&#8220; background_position=&#8220;top_left&#8220; background_repeat=&#8220;repeat&#8220; animation_style=&#8220;zoom&#8220; animation_direction=&#8220;left&#8220; animation_delay=&#8220;100ms&#8220; animation_intensity_zoom=&#8220;10%&#8220; global_colors_info=&#8220;{}&#8220;]Genie\u00dfen Sie eine Ganzk\u00f6rpermassage und tauchen Sie ein in eine Welt der Entspannung. Unsere professionellen Masseure helfen Ihnen dabei, Verspannungen effektiv abzubauen. G\u00f6nnen Sie sich eine Auszeit vom stressigen Alltag und lassen Sie sich von uns verw\u00f6hnen. Bei Momi &#8211; Touren in Hurghada bieten wir Ihnen erstklassige Ganzk\u00f6rpermassagen, um K\u00f6rper, Geist und Seele in harmonischen Einklang zu bringen. Unsere Experten sorgen daf\u00fcr, dass Sie sich rundum wohl und entspannt f\u00fchlen. Buchen Sie noch heute Ihre Massage und erfahren Sie puren Genuss und Wohlbefinden. Nutzen Sie das untenstehende Formular, um uns zu kontaktieren, und wir werden uns umgehend bei Ihnen melden.[\/et_pb_text][\/et_pb_column][\/et_pb_row][et_pb_row column_structure=&#8220;1_2,1_2&#8243; admin_label=&#8220;Package&#8220; _builder_version=&#8220;4.16&#8243; background_size=&#8220;initial&#8220; background_position=&#8220;top_left&#8220; background_repeat=&#8220;repeat&#8220; global_colors_info=&#8220;{}&#8220;][et_pb_column type=&#8220;1_2&#8243; _builder_version=&#8220;4.16&#8243; custom_padding=&#8220;|||&#8220; global_colors_info=&#8220;{}&#8220; custom_padding__hover=&#8220;|||&#8220;][et_pb_image src=&#8220;http:\/\/momi-tours-hurghada.de\/wp-content\/uploads\/2024\/03\/spa1.jpg&#8220; title_text=&#8220;spa1&#8243; align_tablet=&#8220;center&#8220; align_phone=&#8220;center&#8220; align_last_edited=&#8220;on|desktop&#8220; admin_label=&#8220;Package Image&#8220; _builder_version=&#8220;4.24.2&#8243; animation_style=&#8220;fold&#8220; animation_direction=&#8220;right&#8220; animation_intensity_fold=&#8220;20%&#8220; global_colors_info=&#8220;{}&#8220;][\/et_pb_image][\/et_pb_column][et_pb_column type=&#8220;1_2&#8243; _builder_version=&#8220;4.16&#8243; custom_padding=&#8220;|||&#8220; global_colors_info=&#8220;{}&#8220; custom_padding__hover=&#8220;|||&#8220;][et_pb_contact_form email=&#8220;info@momi-tours-hurghada.de&#8220; title=&#8220;Anfrage zu Ganzk\u00f6rpermassage&#8220; custom_message=&#8220;Ganzk\u00f6rpermassage&#8220; _builder_version=&#8220;4.24.2&#8243; _module_preset=&#8220;default&#8220; _unique_id=&#8220;ba556c14-7499-4914-9ed9-641796f11096&#8243; global_colors_info=&#8220;{}&#8220;][et_pb_contact_field field_id=&#8220;Name&#8220; field_title=&#8220;Name&#8220; _builder_version=&#8220;4.16&#8243; global_colors_info=&#8220;{}&#8220; button_text_size__hover_enabled=&#8220;off&#8220; button_one_text_size__hover_enabled=&#8220;off&#8220; button_two_text_size__hover_enabled=&#8220;off&#8220; button_text_color__hover_enabled=&#8220;off&#8220; button_one_text_color__hover_enabled=&#8220;off&#8220; button_two_text_color__hover_enabled=&#8220;off&#8220; button_border_width__hover_enabled=&#8220;off&#8220; button_one_border_width__hover_enabled=&#8220;off&#8220; button_two_border_width__hover_enabled=&#8220;off&#8220; button_border_color__hover_enabled=&#8220;off&#8220; button_one_border_color__hover_enabled=&#8220;off&#8220; button_two_border_color__hover_enabled=&#8220;off&#8220; button_border_radius__hover_enabled=&#8220;off&#8220; button_one_border_radius__hover_enabled=&#8220;off&#8220; button_two_border_radius__hover_enabled=&#8220;off&#8220; button_letter_spacing__hover_enabled=&#8220;off&#8220; button_one_letter_spacing__hover_enabled=&#8220;off&#8220; button_two_letter_spacing__hover_enabled=&#8220;off&#8220; button_bg_color__hover_enabled=&#8220;off&#8220; button_one_bg_color__hover_enabled=&#8220;off&#8220; button_two_bg_color__hover_enabled=&#8220;off&#8220;][\/et_pb_contact_field][et_pb_contact_field field_id=&#8220;Email&#8220; field_title=&#8220;E-Mail-Adresse&#8220; field_type=&#8220;email&#8220; _builder_version=&#8220;4.16&#8243; global_colors_info=&#8220;{}&#8220; button_text_size__hover_enabled=&#8220;off&#8220; button_one_text_size__hover_enabled=&#8220;off&#8220; button_two_text_size__hover_enabled=&#8220;off&#8220; button_text_color__hover_enabled=&#8220;off&#8220; button_one_text_color__hover_enabled=&#8220;off&#8220; button_two_text_color__hover_enabled=&#8220;off&#8220; button_border_width__hover_enabled=&#8220;off&#8220; button_one_border_width__hover_enabled=&#8220;off&#8220; button_two_border_width__hover_enabled=&#8220;off&#8220; button_border_color__hover_enabled=&#8220;off&#8220; button_one_border_color__hover_enabled=&#8220;off&#8220; button_two_border_color__hover_enabled=&#8220;off&#8220; button_border_radius__hover_enabled=&#8220;off&#8220; button_one_border_radius__hover_enabled=&#8220;off&#8220; button_two_border_radius__hover_enabled=&#8220;off&#8220; button_letter_spacing__hover_enabled=&#8220;off&#8220; button_one_letter_spacing__hover_enabled=&#8220;off&#8220; button_two_letter_spacing__hover_enabled=&#8220;off&#8220; button_bg_color__hover_enabled=&#8220;off&#8220; button_one_bg_color__hover_enabled=&#8220;off&#8220; button_two_bg_color__hover_enabled=&#8220;off&#8220;][\/et_pb_contact_field][et_pb_contact_field field_id=&#8220;Message&#8220; field_title=&#8220;Nachricht&#8220; field_type=&#8220;text&#8220; fullwidth_field=&#8220;on&#8220; _builder_version=&#8220;4.16&#8243; global_colors_info=&#8220;{}&#8220; button_text_size__hover_enabled=&#8220;off&#8220; button_one_text_size__hover_enabled=&#8220;off&#8220; button_two_text_size__hover_enabled=&#8220;off&#8220; button_text_color__hover_enabled=&#8220;off&#8220; button_one_text_color__hover_enabled=&#8220;off&#8220; button_two_text_color__hover_enabled=&#8220;off&#8220; button_border_width__hover_enabled=&#8220;off&#8220; button_one_border_width__hover_enabled=&#8220;off&#8220; button_two_border_width__hover_enabled=&#8220;off&#8220; button_border_color__hover_enabled=&#8220;off&#8220; button_one_border_color__hover_enabled=&#8220;off&#8220; button_two_border_color__hover_enabled=&#8220;off&#8220; button_border_radius__hover_enabled=&#8220;off&#8220; button_one_border_radius__hover_enabled=&#8220;off&#8220; button_two_border_radius__hover_enabled=&#8220;off&#8220; button_letter_spacing__hover_enabled=&#8220;off&#8220; button_one_letter_spacing__hover_enabled=&#8220;off&#8220; button_two_letter_spacing__hover_enabled=&#8220;off&#8220; button_bg_color__hover_enabled=&#8220;off&#8220; button_one_bg_color__hover_enabled=&#8220;off&#8220; button_two_bg_color__hover_enabled=&#8220;off&#8220;][\/et_pb_contact_field][et_pb_contact_field field_id=&#8220;Telefon&#8220; field_title=&#8220;Telefon&#8220; fullwidth_field=&#8220;on&#8220; _builder_version=&#8220;4.24.2&#8243; _module_preset=&#8220;default&#8220; global_colors_info=&#8220;{}&#8220;][\/et_pb_contact_field][\/et_pb_contact_form][\/et_pb_column][\/et_pb_row][\/et_pb_section]<\/p>\n","protected":false},"excerpt":{"rendered":"<p>Full body massage njhjGanzk\u00f6rpermassage &#8211; vom ProfiGenie\u00dfen Sie eine Ganzk\u00f6rpermassage und tauchen Sie ein in eine Welt der Entspannung. Unsere professionellen Masseure helfen Ihnen dabei, Verspannungen effektiv abzubauen. G\u00f6nnen Sie sich eine Auszeit vom stressigen Alltag und lassen Sie sich von uns verw\u00f6hnen. Bei Momi &#8211; Touren in Hurghada bieten wir Ihnen erstklassige Ganzk\u00f6rpermassagen, um [&hellip;]<\/p>\n","protected":false},"author":1,"featured_media":0,"parent":0,"menu_order":0,"comment_status":"closed","ping_status":"closed","template":"","meta":{"_et_pb_use_builder":"on","_et_pb_old_content":"","_et_gb_content_width":"","footnotes":""},"_links":{"self":[{"href":"https:\/\/momi-tours-hurghada.de\/en\/wp-json\/wp\/v2\/pages\/350"}],"collection":[{"href":"https:\/\/momi-tours-hurghada.de\/en\/wp-json\/wp\/v2\/pages"}],"about":[{"href":"https:\/\/momi-tours-hurghada.de\/en\/wp-json\/wp\/v2\/types\/page"}],"author":[{"embeddable":true,"href":"https:\/\/momi-tours-hurghada.de\/en\/wp-json\/wp\/v2\/users\/1"}],"replies":[{"embeddable":true,"href":"https:\/\/momi-tours-hurghada.de\/en\/wp-json\/wp\/v2\/comments?post=350"}],"version-history":[{"count":5,"href":"https:\/\/momi-tours-hurghada.de\/en\/wp-json\/wp\/v2\/pages\/350\/revisions"}],"predecessor-version":[{"id":533,"href":"https:\/\/momi-tours-hurghada.de\/en\/wp-json\/wp\/v2\/pages\/350\/revisions\/533"}],"wp:attachment":[{"href":"https:\/\/momi-tours-hurghada.de\/en\/wp-json\/wp\/v2\/media?parent=350"}],"curies":[{"name":"wp","href":"https:\/\/api.w.org\/{rel}","templated":true}]}}