{"id":373,"date":"2024-03-15T19:37:34","date_gmt":"2024-03-15T19:37:34","guid":{"rendered":"http:\/\/momi-tours-hurghada.de\/?page_id=373"},"modified":"2024-04-03T09:07:59","modified_gmt":"2024-04-03T09:07:59","slug":"dienste","status":"publish","type":"page","link":"https:\/\/momi-tours-hurghada.de\/en\/dienste\/","title":{"rendered":"Dienste"},"content":{"rendered":"<p>[et_pb_section fb_built=&#8220;1&#8243; custom_padding_last_edited=&#8220;on|tablet&#8220; admin_label=&#8220;Packages&#8220; _builder_version=&#8220;4.16&#8243; custom_padding=&#8220;110px||110px|&#8220; custom_padding_tablet=&#8220;0px||0px|&#8220; custom_padding_phone=&#8220;&#8220; global_colors_info=&#8220;{}&#8220;][et_pb_row custom_padding_last_edited=&#8220;on|phone&#8220; admin_label=&#8220;Packages Title&#8220; _builder_version=&#8220;4.16&#8243; custom_padding=&#8220;30px|0px|120px|0px&#8220; custom_padding_tablet=&#8220;60px||0px|&#8220; custom_padding_phone=&#8220;&#8220; locked=&#8220;off&#8220; global_colors_info=&#8220;{}&#8220;][et_pb_column type=&#8220;4_4&#8243; _builder_version=&#8220;4.16&#8243; custom_padding=&#8220;|||&#8220; global_colors_info=&#8220;{}&#8220; custom_padding__hover=&#8220;|||&#8220;][et_pb_text _builder_version=&#8220;4.24.2&#8243; text_font=&#8220;||||&#8220; text_text_color=&#8220;#1a1a1a&#8220; header_font=&#8220;Verdana|700||on|||||&#8220; header_text_align=&#8220;center&#8220; header_font_size=&#8220;60px&#8220; header_line_height=&#8220;1.3em&#8220; module_alignment=&#8220;center&#8220; custom_margin=&#8220;|||&#8220; custom_padding=&#8220;|||&#8220; animation_style=&#8220;slide&#8220; animation_direction=&#8220;top&#8220; animation_intensity_slide=&#8220;10%&#8220; locked=&#8220;off&#8220; global_colors_info=&#8220;{}&#8220;]<\/p>\n<h1>Unsere Dienste f\u00fcr Sie<\/h1>\n<p>[\/et_pb_text][et_pb_divider color=&#8220;#ed4441&#8243; divider_position=&#8220;center&#8220; divider_weight=&#8220;3px&#8220; disabled_on=&#8220;off|off|off&#8220; _builder_version=&#8220;4.16&#8243; max_width=&#8220;150px&#8220; module_alignment=&#8220;center&#8220; height=&#8220;false&#8220; custom_margin=&#8220;30px|||&#8220; animation_style=&#8220;slide&#8220; animation_direction=&#8220;top&#8220; animation_delay=&#8220;100ms&#8220; animation_intensity_slide=&#8220;10%&#8220; locked=&#8220;off&#8220; global_colors_info=&#8220;{}&#8220;][\/et_pb_divider][\/et_pb_column][\/et_pb_row][et_pb_row column_structure=&#8220;1_2,1_2&#8243; admin_label=&#8220;Package&#8220; _builder_version=&#8220;4.16&#8243; background_size=&#8220;initial&#8220; background_position=&#8220;top_left&#8220; background_repeat=&#8220;repeat&#8220; global_colors_info=&#8220;{}&#8220;][et_pb_column type=&#8220;1_2&#8243; _builder_version=&#8220;4.16&#8243; custom_padding=&#8220;|||&#8220; global_colors_info=&#8220;{}&#8220; custom_padding__hover=&#8220;|||&#8220;][et_pb_image src=&#8220;https:\/\/momi-tours-hurghada.de\/wp-content\/uploads\/2024\/03\/markt.jpg&#8220; title_text=&#8220;markt&#8220; align_tablet=&#8220;center&#8220; align_phone=&#8220;center&#8220; align_last_edited=&#8220;on|desktop&#8220; admin_label=&#8220;Package Image&#8220; _builder_version=&#8220;4.24.2&#8243; animation_style=&#8220;fold&#8220; animation_direction=&#8220;right&#8220; animation_intensity_fold=&#8220;20%&#8220; global_colors_info=&#8220;{}&#8220;][\/et_pb_image][\/et_pb_column][et_pb_column type=&#8220;1_2&#8243; _builder_version=&#8220;4.16&#8243; custom_padding=&#8220;|||&#8220; global_colors_info=&#8220;{}&#8220; custom_padding__hover=&#8220;|||&#8220;][et_pb_text admin_label=&#8220;Package Title&#8220; _builder_version=&#8220;4.24.2&#8243; text_font=&#8220;Verdana||||||||&#8220; text_text_color=&#8220;#1a1a1a&#8220; text_font_size=&#8220;24px&#8220; background_size=&#8220;initial&#8220; background_position=&#8220;top_left&#8220; background_repeat=&#8220;repeat&#8220; animation_style=&#8220;zoom&#8220; animation_direction=&#8220;left&#8220; animation_intensity_zoom=&#8220;10%&#8220; global_colors_info=&#8220;{}&#8220;]<\/p>\n<p><span>Wir kaufen f\u00fcr Sie ein!<\/span><\/p>\n<p>[\/et_pb_text][et_pb_text admin_label=&#8220;Description&#8220; _builder_version=&#8220;4.24.2&#8243; text_font=&#8220;Roboto||||&#8220; text_font_size=&#8220;16px&#8220; text_line_height=&#8220;1.8em&#8220; background_size=&#8220;initial&#8220; background_position=&#8220;top_left&#8220; background_repeat=&#8220;repeat&#8220; animation_style=&#8220;zoom&#8220; animation_direction=&#8220;left&#8220; animation_delay=&#8220;100ms&#8220; animation_intensity_zoom=&#8220;10%&#8220; global_colors_info=&#8220;{}&#8220;]Wir l\u00f6sen Ihre Einkaufsprobleme und zeigen Ihnen die besten M\u00f6glichkeiten, um spezielle Lebensmittel einzukaufen. Verlassen Sie sich auf uns, um Ihre Eink\u00e4ufe effizienter und angenehmer zu gestalten. Dank unserer Expertise und Erfahrung wissen wir, wie wir Ihnen helfen k\u00f6nnen, genau das zu finden, wonach Sie suchen. Egal, ob Sie nach exotischen Zutaten, Bio-Lebensmitteln oder glutenfreien Optionen suchen, wir haben die L\u00f6sungen f\u00fcr Sie. Unsere umfassende Auswahl an Einkaufstipps und Ressourcen wird Ihnen dabei helfen, kluge Entscheidungen zu treffen und die besten Angebote zu finden. Verabschieden Sie sich von endlosen Suchen und Frustrationen im Supermarkt, lassen Sie uns Ihnen den Weg zeigen. Mit uns wird das Einkaufen zum Vergn\u00fcgen. Z\u00f6gern Sie nicht und lassen Sie uns Ihre Einkaufsreise vereinfachen \u2013 wir sind immer f\u00fcr Sie da![\/et_pb_text][\/et_pb_column][\/et_pb_row][et_pb_row column_structure=&#8220;1_2,1_2&#8243; admin_label=&#8220;Package&#8220; _builder_version=&#8220;4.16&#8243; background_size=&#8220;initial&#8220; background_position=&#8220;top_left&#8220; background_repeat=&#8220;repeat&#8220; global_colors_info=&#8220;{}&#8220;][et_pb_column type=&#8220;1_2&#8243; _builder_version=&#8220;4.16&#8243; custom_padding=&#8220;|||&#8220; global_colors_info=&#8220;{}&#8220; custom_padding__hover=&#8220;|||&#8220;][et_pb_image src=&#8220;https:\/\/momi-tours-hurghada.de\/wp-content\/uploads\/2024\/03\/handy.jpg&#8220; title_text=&#8220;handy&#8220; align_tablet=&#8220;center&#8220; align_phone=&#8220;center&#8220; align_last_edited=&#8220;on|desktop&#8220; admin_label=&#8220;Package Image&#8220; _builder_version=&#8220;4.24.2&#8243; animation_style=&#8220;fold&#8220; animation_direction=&#8220;right&#8220; animation_intensity_fold=&#8220;20%&#8220; global_colors_info=&#8220;{}&#8220;][\/et_pb_image][\/et_pb_column][et_pb_column type=&#8220;1_2&#8243; _builder_version=&#8220;4.16&#8243; custom_padding=&#8220;|||&#8220; global_colors_info=&#8220;{}&#8220; custom_padding__hover=&#8220;|||&#8220;][et_pb_text admin_label=&#8220;Package Title&#8220; _builder_version=&#8220;4.24.2&#8243; text_font=&#8220;Verdana||||||||&#8220; text_text_color=&#8220;#1a1a1a&#8220; text_font_size=&#8220;24px&#8220; background_size=&#8220;initial&#8220; background_position=&#8220;top_left&#8220; background_repeat=&#8220;repeat&#8220; animation_style=&#8220;zoom&#8220; animation_direction=&#8220;left&#8220; animation_intensity_zoom=&#8220;10%&#8220; global_colors_info=&#8220;{}&#8220;]<\/p>\n<p><span>Wir organisieren Ihre SIM-Karte<\/span><\/p>\n<p>[\/et_pb_text][et_pb_text admin_label=&#8220;Description&#8220; _builder_version=&#8220;4.24.2&#8243; text_font=&#8220;Roboto||||&#8220; text_font_size=&#8220;16px&#8220; text_line_height=&#8220;1.8em&#8220; background_size=&#8220;initial&#8220; background_position=&#8220;top_left&#8220; background_repeat=&#8220;repeat&#8220; animation_style=&#8220;zoom&#8220; animation_direction=&#8220;left&#8220; animation_delay=&#8220;100ms&#8220; animation_intensity_zoom=&#8220;10%&#8220; global_colors_info=&#8220;{}&#8220;]Wir erm\u00f6glichen Ihnen uneingeschr\u00e4nkte Kommunikation w\u00e4hrend Ihres Aufenthalts in \u00c4gypten. Ganz gleich, ob Sie gesch\u00e4ftlich oder privat unterwegs sind &#8211; mit unseren Services bleiben Sie stets erreichbar. Wir organisieren f\u00fcr Sie eine Sim-Karte oder anderen Zugang zu Ihrem Handy, um Ihnen eine nahtlose Verbindung zu garantieren. Genie\u00dfen Sie Ihren Aufenthalt in \u00c4gypten in vollen Z\u00fcgen, ohne sich Gedanken \u00fcber Ihre Erreichbarkeit machen zu m\u00fcssen. Vertrauen Sie auf uns, um Ihnen dabei zu helfen, stets in Verbindung zu bleiben.[\/et_pb_text][\/et_pb_column][\/et_pb_row][et_pb_row column_structure=&#8220;1_2,1_2&#8243; admin_label=&#8220;Package&#8220; _builder_version=&#8220;4.16&#8243; background_size=&#8220;initial&#8220; background_position=&#8220;top_left&#8220; background_repeat=&#8220;repeat&#8220; global_colors_info=&#8220;{}&#8220;][et_pb_column type=&#8220;1_2&#8243; _builder_version=&#8220;4.16&#8243; custom_padding=&#8220;|||&#8220; global_colors_info=&#8220;{}&#8220; custom_padding__hover=&#8220;|||&#8220;][et_pb_image src=&#8220;https:\/\/momi-tours-hurghada.de\/wp-content\/uploads\/2024\/03\/ferienwohnung.jpg&#8220; title_text=&#8220;ferienwohnung&#8220; align_tablet=&#8220;center&#8220; align_phone=&#8220;center&#8220; align_last_edited=&#8220;on|desktop&#8220; admin_label=&#8220;Package Image&#8220; _builder_version=&#8220;4.24.2&#8243; animation_style=&#8220;fold&#8220; animation_direction=&#8220;right&#8220; animation_intensity_fold=&#8220;20%&#8220; global_colors_info=&#8220;{}&#8220;][\/et_pb_image][\/et_pb_column][et_pb_column type=&#8220;1_2&#8243; _builder_version=&#8220;4.16&#8243; custom_padding=&#8220;|||&#8220; global_colors_info=&#8220;{}&#8220; custom_padding__hover=&#8220;|||&#8220;][et_pb_text admin_label=&#8220;Package Title&#8220; _builder_version=&#8220;4.24.2&#8243; text_font=&#8220;Verdana||||||||&#8220; text_text_color=&#8220;#1a1a1a&#8220; text_font_size=&#8220;24px&#8220; background_size=&#8220;initial&#8220; background_position=&#8220;top_left&#8220; background_repeat=&#8220;repeat&#8220; animation_style=&#8220;zoom&#8220; animation_direction=&#8220;left&#8220; animation_intensity_zoom=&#8220;10%&#8220; global_colors_info=&#8220;{}&#8220;]<\/p>\n<p><span>Wir vermitteln Ihnen eine Ferienwohnung<\/span><\/p>\n<p>[\/et_pb_text][et_pb_text admin_label=&#8220;Description&#8220; _builder_version=&#8220;4.24.2&#8243; text_font=&#8220;Roboto||||&#8220; text_font_size=&#8220;16px&#8220; text_line_height=&#8220;1.8em&#8220; background_size=&#8220;initial&#8220; background_position=&#8220;top_left&#8220; background_repeat=&#8220;repeat&#8220; animation_style=&#8220;zoom&#8220; animation_direction=&#8220;left&#8220; animation_delay=&#8220;100ms&#8220; animation_intensity_zoom=&#8220;10%&#8220; global_colors_info=&#8220;{}&#8220;]<\/p>\n<p>Wir vermitteln Ihnen eine Ferienwohnung<\/p>\n<p>Auf der Suche nach einer Wohnung oder einem Hotel? Sie suchen eine Ferienwohnung in Hurghada? Wir helfen Ihnen weiter! Bei uns finden Sie die perfekte Unterkunft, die Ihren Bed\u00fcrfnissen entspricht.<\/p>\n<p>[\/et_pb_text][\/et_pb_column][\/et_pb_row][et_pb_row column_structure=&#8220;1_2,1_2&#8243; admin_label=&#8220;Package&#8220; _builder_version=&#8220;4.16&#8243; background_size=&#8220;initial&#8220; background_position=&#8220;top_left&#8220; background_repeat=&#8220;repeat&#8220; global_colors_info=&#8220;{}&#8220;][et_pb_column type=&#8220;1_2&#8243; _builder_version=&#8220;4.16&#8243; custom_padding=&#8220;|||&#8220; global_colors_info=&#8220;{}&#8220; custom_padding__hover=&#8220;|||&#8220;][et_pb_image src=&#8220;https:\/\/momi-tours-hurghada.de\/wp-content\/uploads\/2024\/03\/taxi.jpg&#8220; title_text=&#8220;taxi&#8220; align_tablet=&#8220;center&#8220; align_phone=&#8220;center&#8220; align_last_edited=&#8220;on|desktop&#8220; admin_label=&#8220;Package Image&#8220; _builder_version=&#8220;4.24.2&#8243; animation_style=&#8220;fold&#8220; animation_direction=&#8220;right&#8220; animation_intensity_fold=&#8220;20%&#8220; global_colors_info=&#8220;{}&#8220;][\/et_pb_image][\/et_pb_column][et_pb_column type=&#8220;1_2&#8243; _builder_version=&#8220;4.16&#8243; custom_padding=&#8220;|||&#8220; global_colors_info=&#8220;{}&#8220; custom_padding__hover=&#8220;|||&#8220;][et_pb_text admin_label=&#8220;Package Title&#8220; _builder_version=&#8220;4.24.2&#8243; text_font=&#8220;Verdana||||||||&#8220; text_text_color=&#8220;#1a1a1a&#8220; text_font_size=&#8220;24px&#8220; background_size=&#8220;initial&#8220; background_position=&#8220;top_left&#8220; background_repeat=&#8220;repeat&#8220; animation_style=&#8220;zoom&#8220; animation_direction=&#8220;left&#8220; animation_intensity_zoom=&#8220;10%&#8220; global_colors_info=&#8220;{}&#8220;]<\/p>\n<p><span>Nutzen Sie unseren Taxiservice<\/span><\/p>\n<p>[\/et_pb_text][et_pb_text admin_label=&#8220;Description&#8220; _builder_version=&#8220;4.24.2&#8243; text_font=&#8220;Roboto||||&#8220; text_font_size=&#8220;16px&#8220; text_line_height=&#8220;1.8em&#8220; background_size=&#8220;initial&#8220; background_position=&#8220;top_left&#8220; background_repeat=&#8220;repeat&#8220; animation_style=&#8220;zoom&#8220; animation_direction=&#8220;left&#8220; animation_delay=&#8220;100ms&#8220; animation_intensity_zoom=&#8220;10%&#8220; global_colors_info=&#8220;{}&#8220;]Ja, wir haben ihn: den besten Taxiservice der Stadt. Wir bringen Sie sicher und schnell an Ihre Reiseziele. Wenn Sie in Hurghada sind und eine zuverl\u00e4ssige und komfortable M\u00f6glichkeit suchen, um Ihre Reiseziele zu erreichen, dann sind Sie bei uns genau richtig. Unser professionelles Team von Fahrern steht Ihnen jederzeit zur Verf\u00fcgung, um Sie p\u00fcnktlich und stressfrei an Ihr gew\u00fcnschtes Ziel zu bringen. Egal, ob Sie zu einem versteckten Strand, einem beliebten Touristenziel oder einem Einkaufszentrum m\u00f6chten, wir sorgen daf\u00fcr, dass Sie dort bequem und sicher ankommen. Mit unseren modernen und gut gepflegten Fahrzeugen garantieren wir Ihnen ein angenehmes Fahrerlebnis. Buchen Sie noch heute unseren Taxiservice und lassen Sie uns Ihren Aufenthalt in Hurghada noch angenehmer gestalten![\/et_pb_text][\/et_pb_column][\/et_pb_row][et_pb_row column_structure=&#8220;1_2,1_2&#8243; admin_label=&#8220;Package&#8220; _builder_version=&#8220;4.16&#8243; background_size=&#8220;initial&#8220; background_position=&#8220;top_left&#8220; background_repeat=&#8220;repeat&#8220; global_colors_info=&#8220;{}&#8220;][et_pb_column type=&#8220;1_2&#8243; _builder_version=&#8220;4.16&#8243; custom_padding=&#8220;|||&#8220; global_colors_info=&#8220;{}&#8220; custom_padding__hover=&#8220;|||&#8220;][et_pb_image src=&#8220;https:\/\/momi-tours-hurghada.de\/wp-content\/uploads\/2024\/03\/kairo-plane1.jpg&#8220; title_text=&#8220;kairo-plane1&#8243; align_tablet=&#8220;center&#8220; align_phone=&#8220;center&#8220; align_last_edited=&#8220;on|desktop&#8220; admin_label=&#8220;Package Image&#8220; _builder_version=&#8220;4.24.2&#8243; animation_style=&#8220;fold&#8220; animation_direction=&#8220;right&#8220; animation_intensity_fold=&#8220;20%&#8220; global_colors_info=&#8220;{}&#8220;][\/et_pb_image][\/et_pb_column][et_pb_column type=&#8220;1_2&#8243; _builder_version=&#8220;4.16&#8243; custom_padding=&#8220;|||&#8220; global_colors_info=&#8220;{}&#8220; custom_padding__hover=&#8220;|||&#8220;][et_pb_text admin_label=&#8220;Package Title&#8220; _builder_version=&#8220;4.24.2&#8243; text_font=&#8220;Verdana||||||||&#8220; text_text_color=&#8220;#1a1a1a&#8220; text_font_size=&#8220;24px&#8220; background_size=&#8220;initial&#8220; background_position=&#8220;top_left&#8220; background_repeat=&#8220;repeat&#8220; animation_style=&#8220;zoom&#8220; animation_direction=&#8220;left&#8220; animation_intensity_zoom=&#8220;10%&#8220; global_colors_info=&#8220;{}&#8220;]<\/p>\n<p><span>Wir k\u00fcmmern uns um Ihren Flughafentransfer<\/span><\/p>\n<p>[\/et_pb_text][et_pb_text admin_label=&#8220;Description&#8220; _builder_version=&#8220;4.24.2&#8243; text_font=&#8220;Roboto||||&#8220; text_font_size=&#8220;16px&#8220; text_line_height=&#8220;1.8em&#8220; background_size=&#8220;initial&#8220; background_position=&#8220;top_left&#8220; background_repeat=&#8220;repeat&#8220; animation_style=&#8220;zoom&#8220; animation_direction=&#8220;left&#8220; animation_delay=&#8220;100ms&#8220; animation_intensity_zoom=&#8220;10%&#8220; global_colors_info=&#8220;{}&#8220;]Seien Sie ganz beruhigt: Unsere Fahrer kennen sich bestens aus und wissen genau, wie sie Sie schnell und sicher zum Flughafen bringen. Mit ihrer langj\u00e4hrigen Erfahrung und Ortskenntnis sorgen sie daf\u00fcr, dass Sie p\u00fcnktlich an Ihrem Ziel ankommen. Vertrauen Sie auf unsere zuverl\u00e4ssigen Fahrer und genie\u00dfen Sie eine stressfreie Fahrt zum Flughafen. Egal ob beruflich oder privat, wir stellen sicher, dass Sie komfortabel und entspannt reisen. \u00dcberlassen Sie uns die Organisation und konzentrieren Sie sich ganz auf Ihr Reiseerlebnis. Wir nehmen Ihnen die Sorge ab und sorgen daf\u00fcr, dass Sie rechtzeitig Ihren Flug erreichen. Auf uns k\u00f6nnen Sie z\u00e4hlen![\/et_pb_text][\/et_pb_column][\/et_pb_row][\/et_pb_section][et_pb_section fb_built=&#8220;1&#8243; _builder_version=&#8220;4.24.2&#8243; _module_preset=&#8220;default&#8220; global_colors_info=&#8220;{}&#8220;][et_pb_row _builder_version=&#8220;4.24.2&#8243; _module_preset=&#8220;default&#8220; global_colors_info=&#8220;{}&#8220;][et_pb_column type=&#8220;4_4&#8243; _builder_version=&#8220;4.24.2&#8243; _module_preset=&#8220;default&#8220; global_colors_info=&#8220;{}&#8220;][et_pb_text _builder_version=&#8220;4.24.3&#8243; _module_preset=&#8220;default&#8220; header_font=&#8220;Verdana||||||||&#8220; header_font_size=&#8220;50px&#8220; hover_enabled=&#8220;0&#8243; global_colors_info=&#8220;{}&#8220; sticky_enabled=&#8220;0&#8243;]<\/p>\n<h1 style=\"text-align: center;\">Rufen Sie uns an:<\/h1>\n<h1 style=\"text-align: center;\">+20 121 066 4777\u202c<\/h1>\n<p>[\/et_pb_text][\/et_pb_column][\/et_pb_row][\/et_pb_section]<\/p>\n","protected":false},"excerpt":{"rendered":"<p>Unsere Dienste f\u00fcr SieWir kaufen f\u00fcr Sie ein!Wir l\u00f6sen Ihre Einkaufsprobleme und zeigen Ihnen die besten M\u00f6glichkeiten, um spezielle Lebensmittel einzukaufen. Verlassen Sie sich auf uns, um Ihre Eink\u00e4ufe effizienter und angenehmer zu gestalten. Dank unserer Expertise und Erfahrung wissen wir, wie wir Ihnen helfen k\u00f6nnen, genau das zu finden, wonach Sie suchen. Egal, ob [&hellip;]<\/p>\n","protected":false},"author":1,"featured_media":0,"parent":0,"menu_order":0,"comment_status":"closed","ping_status":"closed","template":"","meta":{"_et_pb_use_builder":"on","_et_pb_old_content":"","_et_gb_content_width":"","footnotes":""},"_links":{"self":[{"href":"https:\/\/momi-tours-hurghada.de\/en\/wp-json\/wp\/v2\/pages\/373"}],"collection":[{"href":"https:\/\/momi-tours-hurghada.de\/en\/wp-json\/wp\/v2\/pages"}],"about":[{"href":"https:\/\/momi-tours-hurghada.de\/en\/wp-json\/wp\/v2\/types\/page"}],"author":[{"embeddable":true,"href":"https:\/\/momi-tours-hurghada.de\/en\/wp-json\/wp\/v2\/users\/1"}],"replies":[{"embeddable":true,"href":"https:\/\/momi-tours-hurghada.de\/en\/wp-json\/wp\/v2\/comments?post=373"}],"version-history":[{"count":10,"href":"https:\/\/momi-tours-hurghada.de\/en\/wp-json\/wp\/v2\/pages\/373\/revisions"}],"predecessor-version":[{"id":513,"href":"https:\/\/momi-tours-hurghada.de\/en\/wp-json\/wp\/v2\/pages\/373\/revisions\/513"}],"wp:attachment":[{"href":"https:\/\/momi-tours-hurghada.de\/en\/wp-json\/wp\/v2\/media?parent=373"}],"curies":[{"name":"wp","href":"https:\/\/api.w.org\/{rel}","templated":true}]}}