{"id":75,"date":"2024-03-08T17:57:26","date_gmt":"2024-03-08T17:57:26","guid":{"rendered":"http:\/\/momi-tours-hurghada.de\/?page_id=75"},"modified":"2024-03-08T18:43:57","modified_gmt":"2024-03-08T18:43:57","slug":"ueber-uns","status":"publish","type":"page","link":"https:\/\/momi-tours-hurghada.de\/en\/ueber-uns\/","title":{"rendered":"\u00dcber uns"},"content":{"rendered":"<p>[et_pb_section fb_built=&#8220;1&#8243; admin_label=&#8220;Hero&#8220; _builder_version=&#8220;4.24.2&#8243; background_image=&#8220;http:\/\/momi-tours-hurghada.de\/wp-content\/uploads\/2024\/03\/momi-hg-ueber.jpg&#8220; parallax=&#8220;on&#8220; custom_padding=&#8220;110px|||&#8220; global_colors_info=&#8220;{}&#8220;][et_pb_row column_structure=&#8220;1_2,1_2&#8243; use_custom_gutter=&#8220;on&#8220; gutter_width=&#8220;1&#8243; module_class=&#8220; et_pb_row_fullwidth&#8220; _builder_version=&#8220;4.16&#8243; width=&#8220;100%&#8220; width_tablet=&#8220;100%&#8220; width_phone=&#8220;100%&#8220; width_last_edited=&#8220;on|desktop&#8220; max_width=&#8220;100%&#8220; max_width_tablet=&#8220;100%&#8220; max_width_phone=&#8220;100%&#8220; max_width_last_edited=&#8220;on|desktop&#8220; custom_margin=&#8220;|||&#8220; custom_padding=&#8220;|||&#8220; make_fullwidth=&#8220;on&#8220; global_colors_info=&#8220;{}&#8220;][et_pb_column type=&#8220;1_2&#8243; _builder_version=&#8220;4.16&#8243; background_position=&#8220;top_left&#8220; custom_padding=&#8220;|||&#8220; global_colors_info=&#8220;{}&#8220; custom_padding__hover=&#8220;|||&#8220;][et_pb_image src=&#8220;http:\/\/momi-tours-hurghada.de\/wp-content\/uploads\/2024\/03\/momi2024.png&#8220; show_bottom_space=&#8220;off&#8220; align_tablet=&#8220;center&#8220; align_phone=&#8220;center&#8220; align_last_edited=&#8220;on|desktop&#8220; disabled_on=&#8220;on|on|off&#8220; _builder_version=&#8220;4.24.2&#8243; custom_margin=&#8220;|||&#8220; animation_direction=&#8220;%22fade_in%22&#8243; hover_enabled=&#8220;0&#8243; animation=&#8220;fade_in&#8220; global_colors_info=&#8220;{}&#8220; sticky_enabled=&#8220;0&#8243; title_text=&#8220;momi2024&#8243; max_height=&#8220;1000px&#8220; width=&#8220;44%&#8220; align=&#8220;center&#8220;][\/et_pb_image][\/et_pb_column][et_pb_column type=&#8220;1_2&#8243; _builder_version=&#8220;4.16&#8243; background_position=&#8220;top_left&#8220; custom_padding=&#8220;|10%||10%&#8220; global_colors_info=&#8220;{}&#8220; custom_padding__hover=&#8220;|||&#8220;][et_pb_text admin_label=&#8220;Hero Title&#8220; _builder_version=&#8220;4.24.2&#8243; text_font=&#8220;||||&#8220; text_text_color=&#8220;#1a1a1a&#8220; header_font=&#8220;Verdana|700||on|||||&#8220; header_text_align=&#8220;left&#8220; header_font_size=&#8220;60px&#8220; header_line_height=&#8220;1.3em&#8220; background_layout=&#8220;dark&#8220; max_width=&#8220;450px&#8220; custom_margin=&#8220;|||&#8220; custom_padding=&#8220;|||&#8220; animation_style=&#8220;slide&#8220; animation_direction=&#8220;top&#8220; animation_intensity_slide=&#8220;10%&#8220; locked=&#8220;off&#8220; global_colors_info=&#8220;{}&#8220;]<\/p>\n<h1>\u00dcber uns<\/h1>\n<p>[\/et_pb_text][et_pb_divider color=&#8220;#ed4441&#8243; divider_position=&#8220;center&#8220; divider_weight=&#8220;3px&#8220; disabled_on=&#8220;on|on|off%22&#8243; _builder_version=&#8220;4.16&#8243; max_width=&#8220;150px&#8220; height=&#8220;false&#8220; custom_margin=&#8220;30px|||&#8220; animation_style=&#8220;slide&#8220; animation_direction=&#8220;top&#8220; animation_delay=&#8220;100ms&#8220; animation_intensity_slide=&#8220;10%&#8220; locked=&#8220;off&#8220; global_colors_info=&#8220;{}&#8220;][\/et_pb_divider][et_pb_text admin_label=&#8220;Hero Sub Title&#8220; _builder_version=&#8220;4.24.2&#8243; text_font=&#8220;Verdana||||||||&#8220; text_font_size=&#8220;24px&#8220; text_line_height=&#8220;1.4em&#8220; background_size=&#8220;initial&#8220; background_position=&#8220;top_left&#8220; background_repeat=&#8220;repeat&#8220; background_layout=&#8220;dark&#8220; max_width=&#8220;450px&#8220; custom_padding=&#8220;30px|||&#8220; animation_style=&#8220;slide&#8220; animation_direction=&#8220;top&#8220; animation_delay=&#8220;200ms&#8220; animation_intensity_slide=&#8220;10%&#8220; locked=&#8220;off&#8220; global_colors_info=&#8220;{}&#8220;]<\/p>\n<p>Wir sind Experten auf unserem Gebiet:<\/p>\n<p>Touren in \u00c4gypten &#8230;<\/p>\n<p>[\/et_pb_text][et_pb_text admin_label=&#8220;Hero Text&#8220; _builder_version=&#8220;4.24.2&#8243; text_font=&#8220;Verdana||||||||&#8220; text_font_size=&#8220;16px&#8220; text_line_height=&#8220;1.9em&#8220; background_size=&#8220;initial&#8220; background_position=&#8220;top_left&#8220; background_repeat=&#8220;repeat&#8220; background_layout=&#8220;dark&#8220; max_width=&#8220;450px&#8220; custom_margin=&#8220;60|||&#8220; custom_padding=&#8220;||60px|&#8220; animation_style=&#8220;slide&#8220; animation_direction=&#8220;top&#8220; animation_delay=&#8220;400ms&#8220; animation_intensity_slide=&#8220;4%&#8220; locked=&#8220;off&#8220; global_colors_info=&#8220;{}&#8220;]<\/p>\n<p>Momi &#8211; Touren in Hurghada. Wir sind Experten auf unserem Gebiet &#8211; Touren in \u00c4gypten. Tauchen Sie ein in die faszinierende Welt des Reisens und erleben Sie unvergessliche Abenteuer. Lehnen Sie sich zur\u00fcck und lassen Sie uns Ihre ma\u00dfgeschneiderte Reise planen.<\/p>\n<p>[\/et_pb_text][\/et_pb_column][\/et_pb_row][\/et_pb_section][et_pb_section fb_built=&#8220;1&#8243; _builder_version=&#8220;4.16&#8243; custom_padding=&#8220;110px||110px|&#8220; global_colors_info=&#8220;{}&#8220;][et_pb_row column_structure=&#8220;1_2,1_2&#8243; _builder_version=&#8220;4.16&#8243; global_colors_info=&#8220;{}&#8220;][et_pb_column type=&#8220;1_2&#8243; _builder_version=&#8220;4.16&#8243; custom_padding=&#8220;|||&#8220; global_colors_info=&#8220;{}&#8220; custom_padding__hover=&#8220;|||&#8220;][et_pb_text admin_label=&#8220;Title&#8220; _builder_version=&#8220;4.24.2&#8243; text_font=&#8220;||||&#8220; text_text_color=&#8220;#1a1a1a&#8220; header_font=&#8220;Verdana|700||on|||||&#8220; header_text_align=&#8220;left&#8220; header_font_size=&#8220;60px&#8220; header_line_height=&#8220;1.3em&#8220; max_width=&#8220;450px&#8220; custom_margin=&#8220;|||&#8220; custom_padding=&#8220;|||&#8220; animation_style=&#8220;slide&#8220; animation_direction=&#8220;top&#8220; animation_intensity_slide=&#8220;10%&#8220; locked=&#8220;off&#8220; global_colors_info=&#8220;{}&#8220;]<\/p>\n<h1>Touren in Hurghada, wie f\u00fcr Sie gemacht<\/h1>\n<p>[\/et_pb_text][et_pb_divider color=&#8220;#ed4441&#8243; divider_position=&#8220;center&#8220; divider_weight=&#8220;3px&#8220; disabled_on=&#8220;on|on|off%22&#8243; _builder_version=&#8220;4.16&#8243; max_width=&#8220;150px&#8220; height=&#8220;false&#8220; custom_margin=&#8220;30px|||&#8220; animation_style=&#8220;slide&#8220; animation_direction=&#8220;top&#8220; animation_delay=&#8220;100ms&#8220; animation_intensity_slide=&#8220;10%&#8220; locked=&#8220;off&#8220; global_colors_info=&#8220;{}&#8220;][\/et_pb_divider][et_pb_text admin_label=&#8220;Sub Title&#8220; _builder_version=&#8220;4.24.2&#8243; text_font=&#8220;Verdana||||||||&#8220; text_text_color=&#8220;#1a1a1a&#8220; text_font_size=&#8220;24px&#8220; text_line_height=&#8220;1.4em&#8220; background_size=&#8220;initial&#8220; background_position=&#8220;top_left&#8220; background_repeat=&#8220;repeat&#8220; max_width=&#8220;450px&#8220; custom_padding=&#8220;30px|||&#8220; animation_style=&#8220;slide&#8220; animation_direction=&#8220;top&#8220; animation_delay=&#8220;200ms&#8220; animation_intensity_slide=&#8220;10%&#8220; locked=&#8220;off&#8220; global_colors_info=&#8220;{}&#8220;]<\/p>\n<p>Wir haben es uns zur Aufgabe gemacht Touren in \u00c4gypten auf ein neues Level zu heben:<\/p>\n<p>Perfekt und passend &#8230;<\/p>\n<p>[\/et_pb_text][et_pb_text _builder_version=&#8220;4.24.2&#8243; text_font=&#8220;Verdana||||||||&#8220; text_font_size=&#8220;16px&#8220; text_line_height=&#8220;1.9em&#8220; background_size=&#8220;initial&#8220; background_position=&#8220;top_left&#8220; background_repeat=&#8220;repeat&#8220; max_width=&#8220;450px&#8220; custom_margin=&#8220;60|||&#8220; custom_padding=&#8220;||60px|&#8220; animation_style=&#8220;slide&#8220; animation_direction=&#8220;top&#8220; animation_delay=&#8220;400ms&#8220; animation_intensity_slide=&#8220;4%&#8220; locked=&#8220;off&#8220; global_colors_info=&#8220;{}&#8220;]<\/p>\n<p>Wir haben alles f\u00fcr Sie im Griff. Erleben Sie authentische Abenteuer. Bereisen Sie \u00c4gypten und tauchen Sie ein in epische Tourenn voller magischer Momente. Keine Entfernung ist zu weit, um neue Horizonte zu entdecken. Vertrauen Sie uns, um Ihre Reisetr\u00e4ume wahr werden zu lassen.<\/p>\n<p>[\/et_pb_text][\/et_pb_column][et_pb_column type=&#8220;1_2&#8243; _builder_version=&#8220;4.16&#8243; custom_padding=&#8220;|||&#8220; global_colors_info=&#8220;{}&#8220; custom_padding__hover=&#8220;|||&#8220;][et_pb_image src=&#8220;http:\/\/momi-tours-hurghada.de\/wp-content\/uploads\/2024\/03\/travel-binoculars.jpg&#8220; force_fullwidth=&#8220;on&#8220; align_tablet=&#8220;center&#8220; align_phone=&#8220;center&#8220; align_last_edited=&#8220;on|desktop&#8220; _builder_version=&#8220;4.16&#8243; custom_margin=&#8220;|||&#8220; animation_style=&#8220;slide&#8220; animation_direction=&#8220;%22fade_in%22&#8243; animation_duration=&#8220;500ms&#8220; animation_intensity_slide=&#8220;10%&#8220; animation=&#8220;fade_in&#8220; global_colors_info=&#8220;{}&#8220;][\/et_pb_image][\/et_pb_column][\/et_pb_row][\/et_pb_section][et_pb_section fb_built=&#8220;1&#8243; admin_label=&#8220;Look Inside Section&#8220; _builder_version=&#8220;4.24.2&#8243; background_image=&#8220;http:\/\/momi-tours-hurghada.de\/wp-content\/uploads\/2024\/03\/momi-hg-uber2.jpg&#8220; parallax=&#8220;on&#8220; custom_padding=&#8220;0px||0px|&#8220; global_colors_info=&#8220;{}&#8220;][et_pb_row column_structure=&#8220;1_2,1_2&#8243; use_custom_gutter=&#8220;on&#8220; gutter_width=&#8220;1&#8243; make_equal=&#8220;on&#8220; module_class=&#8220; et_pb_row_fullwidth&#8220; _builder_version=&#8220;4.16&#8243; width=&#8220;100%&#8220; width_tablet=&#8220;100%&#8220; width_phone=&#8220;100%&#8220; width_last_edited=&#8220;on|desktop&#8220; max_width=&#8220;100%&#8220; max_width_tablet=&#8220;100%&#8220; max_width_phone=&#8220;100%&#8220; max_width_last_edited=&#8220;on|desktop&#8220; custom_padding=&#8220;0px||0px|&#8220; make_fullwidth=&#8220;on&#8220; global_colors_info=&#8220;{}&#8220;][et_pb_column type=&#8220;1_2&#8243; _builder_version=&#8220;4.16&#8243; use_background_color_gradient=&#8220;on&#8220; background_color_gradient_stops=&#8220;#ffffff 0%|rgba(255,255,255,0.85) 50%&#8220; background_color_gradient_start=&#8220;#ffffff&#8220; background_color_gradient_end=&#8220;rgba(255,255,255,0.85)&#8220; background_color_gradient_end_position=&#8220;50%&#8220; parallax=&#8220;on&#8220; custom_padding=&#8220;8%|6%|6%|6%&#8220; global_colors_info=&#8220;{}&#8220; custom_padding__hover=&#8220;|||&#8220;][et_pb_text admin_label=&#8220;Look Inside Title&#8220; _builder_version=&#8220;4.24.2&#8243; text_font=&#8220;||||&#8220; text_text_color=&#8220;#1a1a1a&#8220; header_font=&#8220;Verdana|700||on|||||&#8220; header_text_align=&#8220;right&#8220; header_font_size=&#8220;53px&#8220; header_line_height=&#8220;1.3em&#8220; max_width=&#8220;450px&#8220; module_alignment=&#8220;right&#8220; custom_margin=&#8220;|||&#8220; custom_padding=&#8220;|||&#8220; animation_style=&#8220;slide&#8220; animation_direction=&#8220;top&#8220; animation_intensity_slide=&#8220;10%&#8220; locked=&#8220;off&#8220; global_colors_info=&#8220;{}&#8220;]<\/p>\n<h1>Momi-Tours in Hurghada<\/h1>\n<p>[\/et_pb_text][et_pb_image align_tablet=&#8220;center&#8220; align_phone=&#8220;center&#8220; align_last_edited=&#8220;on|desktop&#8220; _builder_version=&#8220;4.16&#8243; animation_style=&#8220;slide&#8220; animation_direction=&#8220;left&#8220; animation_duration=&#8220;500ms&#8220; animation_intensity_slide=&#8220;10%&#8220; global_colors_info=&#8220;{}&#8220;][\/et_pb_image][et_pb_divider color=&#8220;#ed4441&#8243; divider_position=&#8220;center&#8220; divider_weight=&#8220;3px&#8220; disabled_on=&#8220;on|on|off%22&#8243; _builder_version=&#8220;4.16&#8243; max_width=&#8220;150px&#8220; module_alignment=&#8220;right&#8220; height=&#8220;false&#8220; custom_margin=&#8220;30px|||&#8220; animation_style=&#8220;slide&#8220; animation_direction=&#8220;top&#8220; animation_delay=&#8220;100ms&#8220; animation_intensity_slide=&#8220;10%&#8220; locked=&#8220;off&#8220; global_colors_info=&#8220;{}&#8220;][\/et_pb_divider][et_pb_text admin_label=&#8220;Look Inside Sub Title&#8220; _builder_version=&#8220;4.24.2&#8243; text_font=&#8220;Verdana||||||||&#8220; text_text_color=&#8220;#1a1a1a&#8220; text_font_size=&#8220;24px&#8220; text_line_height=&#8220;1.4em&#8220; background_size=&#8220;initial&#8220; background_position=&#8220;top_left&#8220; background_repeat=&#8220;repeat&#8220; text_orientation=&#8220;right&#8220; max_width=&#8220;450px&#8220; module_alignment=&#8220;right&#8220; custom_padding=&#8220;30px|||&#8220; animation_style=&#8220;slide&#8220; animation_direction=&#8220;top&#8220; animation_delay=&#8220;200ms&#8220; animation_intensity_slide=&#8220;10%&#8220; locked=&#8220;off&#8220; global_colors_info=&#8220;{}&#8220;]Sie suchen eine spezielle<br \/>\nTour in Hurghada?<\/p>\n<p>Kontaktieren Sie uns! Wir beraten Sie gerne und helfen Ihnen Ihre Traumtour zu finden &#8230;[\/et_pb_text][\/et_pb_column][et_pb_column type=&#8220;1_2&#8243; _builder_version=&#8220;4.16&#8243; background_color_gradient_start=&#8220;#ffffff&#8220; background_color_gradient_end=&#8220;rgba(255,255,255,0.87)&#8220; custom_padding=&#8220;|||&#8220; global_colors_info=&#8220;{}&#8220; custom_padding__hover=&#8220;|||&#8220;][\/et_pb_column][\/et_pb_row][et_pb_row column_structure=&#8220;1_4,1_4,1_4,1_4&#8243; use_custom_gutter=&#8220;on&#8220; gutter_width=&#8220;1&#8243; custom_padding_last_edited=&#8220;on|tablet&#8220; disabled_on=&#8220;off|off|off&#8220; admin_label=&#8220;Stats&#8220; module_class=&#8220; et_pb_row_fullwidth&#8220; _builder_version=&#8220;4.16&#8243; use_background_color_gradient=&#8220;on&#8220; background_color_gradient_stops=&#8220;rgba(255,255,255,0.85) 0%|#ffffff 70%&#8220; background_color_gradient_start=&#8220;rgba(255,255,255,0.85)&#8220; background_color_gradient_end=&#8220;#ffffff&#8220; background_color_gradient_end_position=&#8220;70%&#8220; width=&#8220;100%&#8220; width_tablet=&#8220;100%&#8220; width_phone=&#8220;100%&#8220; width_last_edited=&#8220;on|desktop&#8220; max_width=&#8220;100%&#8220; max_width_tablet=&#8220;100%&#8220; max_width_phone=&#8220;100%&#8220; max_width_last_edited=&#8220;on|desktop&#8220; custom_margin=&#8220;0px||0px|&#8220; custom_padding=&#8220;6%|10%|110px|10%&#8220; custom_padding_tablet=&#8220;|0px||0px&#8220; custom_padding_phone=&#8220;&#8220; make_fullwidth=&#8220;on&#8220; global_colors_info=&#8220;{}&#8220;][et_pb_column type=&#8220;1_4&#8243; _builder_version=&#8220;4.16&#8243; custom_padding=&#8220;|||&#8220; global_colors_info=&#8220;{}&#8220; custom_padding__hover=&#8220;|||&#8220;][et_pb_number_counter title=&#8220;St\u00e4dte&#8220; number=&#8220;5&#8243; percent_sign=&#8220;off&#8220; disabled_on=&#8220;off|off|off&#8220; _builder_version=&#8220;4.24.2&#8243; title_font=&#8220;Verdana|700||on|||||&#8220; title_font_size=&#8220;24px&#8220; title_line_height=&#8220;1.6em&#8220; number_font=&#8220;Verdana||||||||&#8220; number_text_color=&#8220;#ed4441&#8243; number_font_size=&#8220;72px&#8220; animation_style=&#8220;zoom&#8220; animation_intensity_zoom=&#8220;29%&#8220; global_colors_info=&#8220;{}&#8220;][\/et_pb_number_counter][\/et_pb_column][et_pb_column type=&#8220;1_4&#8243; _builder_version=&#8220;4.16&#8243; custom_padding=&#8220;|||&#8220; global_colors_info=&#8220;{}&#8220; custom_padding__hover=&#8220;|||&#8220;][et_pb_number_counter title=&#8220;Touren&#8220; number=&#8220;28&#8243; percent_sign=&#8220;off&#8220; _builder_version=&#8220;4.24.2&#8243; title_font=&#8220;Verdana|700||on|||||&#8220; title_font_size=&#8220;24px&#8220; title_line_height=&#8220;1.6em&#8220; number_font=&#8220;Verdana||||||||&#8220; number_text_color=&#8220;#ed4441&#8243; number_font_size=&#8220;72px&#8220; animation_style=&#8220;zoom&#8220; animation_delay=&#8220;100ms&#8220; animation_intensity_zoom=&#8220;29%&#8220; locked=&#8220;off&#8220; global_colors_info=&#8220;{}&#8220;][\/et_pb_number_counter][\/et_pb_column][et_pb_column type=&#8220;1_4&#8243; _builder_version=&#8220;4.16&#8243; custom_padding=&#8220;|||&#8220; global_colors_info=&#8220;{}&#8220; custom_padding__hover=&#8220;|||&#8220;][et_pb_number_counter title=&#8220;Guides&#8220; number=&#8220;7&#8243; percent_sign=&#8220;off&#8220; _builder_version=&#8220;4.24.2&#8243; title_font=&#8220;Verdana|700||on|||||&#8220; title_font_size=&#8220;24px&#8220; title_line_height=&#8220;1.6em&#8220; number_font=&#8220;Verdana||||||||&#8220; number_text_color=&#8220;#ed4441&#8243; number_font_size=&#8220;72px&#8220; animation_style=&#8220;zoom&#8220; animation_delay=&#8220;200ms&#8220; animation_intensity_zoom=&#8220;29%&#8220; locked=&#8220;off&#8220; global_colors_info=&#8220;{}&#8220;][\/et_pb_number_counter][\/et_pb_column][et_pb_column type=&#8220;1_4&#8243; _builder_version=&#8220;4.16&#8243; custom_padding=&#8220;|||&#8220; global_colors_info=&#8220;{}&#8220; custom_padding__hover=&#8220;|||&#8220;][et_pb_number_counter title=&#8220;Teilnehmer&#8220; number=&#8220;679&#8243; percent_sign=&#8220;off&#8220; _builder_version=&#8220;4.24.2&#8243; title_font=&#8220;Verdana|700||on|||||&#8220; title_font_size=&#8220;24px&#8220; title_line_height=&#8220;1.6em&#8220; number_font=&#8220;Verdana||||||||&#8220; number_text_color=&#8220;#ed4441&#8243; number_font_size=&#8220;72px&#8220; animation_style=&#8220;zoom&#8220; animation_intensity_zoom=&#8220;29%&#8220; locked=&#8220;off&#8220; global_colors_info=&#8220;{}&#8220;][\/et_pb_number_counter][\/et_pb_column][\/et_pb_row][\/et_pb_section]<\/p>\n","protected":false},"excerpt":{"rendered":"<p>\u00dcber unsWir sind Experten auf unserem Gebiet: Touren in \u00c4gypten &#8230;Momi &#8211; Touren in Hurghada. Wir sind Experten auf unserem Gebiet &#8211; Touren in \u00c4gypten. Tauchen Sie ein in die faszinierende Welt des Reisens und erleben Sie unvergessliche Abenteuer. Lehnen Sie sich zur\u00fcck und lassen Sie uns Ihre ma\u00dfgeschneiderte Reise planen.Touren in Hurghada, wie f\u00fcr [&hellip;]<\/p>\n","protected":false},"author":1,"featured_media":0,"parent":0,"menu_order":0,"comment_status":"closed","ping_status":"closed","template":"","meta":{"_et_pb_use_builder":"on","_et_pb_old_content":"","_et_gb_content_width":"","footnotes":""},"_links":{"self":[{"href":"https:\/\/momi-tours-hurghada.de\/en\/wp-json\/wp\/v2\/pages\/75"}],"collection":[{"href":"https:\/\/momi-tours-hurghada.de\/en\/wp-json\/wp\/v2\/pages"}],"about":[{"href":"https:\/\/momi-tours-hurghada.de\/en\/wp-json\/wp\/v2\/types\/page"}],"author":[{"embeddable":true,"href":"https:\/\/momi-tours-hurghada.de\/en\/wp-json\/wp\/v2\/users\/1"}],"replies":[{"embeddable":true,"href":"https:\/\/momi-tours-hurghada.de\/en\/wp-json\/wp\/v2\/comments?post=75"}],"version-history":[{"count":7,"href":"https:\/\/momi-tours-hurghada.de\/en\/wp-json\/wp\/v2\/pages\/75\/revisions"}],"predecessor-version":[{"id":97,"href":"https:\/\/momi-tours-hurghada.de\/en\/wp-json\/wp\/v2\/pages\/75\/revisions\/97"}],"wp:attachment":[{"href":"https:\/\/momi-tours-hurghada.de\/en\/wp-json\/wp\/v2\/media?parent=75"}],"curies":[{"name":"wp","href":"https:\/\/api.w.org\/{rel}","templated":true}]}}